{"id":291,"date":"2021-12-02T13:53:40","date_gmt":"2021-12-02T12:53:40","guid":{"rendered":"https:\/\/agonlifting.com\/?page_id=291"},"modified":"2022-08-08T11:23:23","modified_gmt":"2022-08-08T09:23:23","slug":"handelsbetingelser","status":"publish","type":"page","link":"https:\/\/agonlifting.com\/da\/handelsbetingelser\/","title":{"rendered":"Handelsbetingelser"},"content":{"rendered":"\t\t<div data-elementor-type=\"wp-page\" data-elementor-id=\"291\" class=\"elementor elementor-291\" data-elementor-post-type=\"page\">\n\t\t\t\t\t\t<section class=\"elementor-section elementor-top-section elementor-element elementor-element-86d42f8 elementor-section-boxed elementor-section-height-default elementor-section-height-default\" data-id=\"86d42f8\" data-element_type=\"section\" data-e-type=\"section\">\n\t\t\t\t\t\t<div class=\"elementor-container elementor-column-gap-default\">\n\t\t\t\t\t<div class=\"elementor-column elementor-col-100 elementor-top-column elementor-element elementor-element-3ab41e9\" data-id=\"3ab41e9\" data-element_type=\"column\" data-e-type=\"column\">\n\t\t\t<div class=\"elementor-widget-wrap elementor-element-populated\">\n\t\t\t\t\t\t<div class=\"elementor-element elementor-element-1bb707a elementor-widget elementor-widget-heading\" data-id=\"1bb707a\" data-element_type=\"widget\" data-e-type=\"widget\" data-widget_type=\"heading.default\">\n\t\t\t\t<div class=\"elementor-widget-container\">\n\t\t\t\t\t<h2 class=\"elementor-heading-title elementor-size-default\">Salgs- og leveringsbetingelser<\/h2>\t\t\t\t<\/div>\n\t\t\t\t<\/div>\n\t\t\t\t<div class=\"elementor-element elementor-element-cd2e5d5 elementor-widget elementor-widget-text-editor\" data-id=\"cd2e5d5\" data-element_type=\"widget\" data-e-type=\"widget\" data-widget_type=\"text-editor.default\">\n\t\t\t\t<div class=\"elementor-widget-container\">\n\t\t\t\t\t\t\t\t\t<h5><strong>1.\u00a0Anvendelse<\/strong><\/h5><p><strong>1.1<\/strong> Anvendelse. Almindelige salgs- og leverings\u00adbetingelser (\u201dBetingelserne\u201d) g\u00e6lder for alle aftaler fra AGON A\/S. CVR: 31889480, efterf\u00f8lgende kaldet \u201dVirksomheden\u201d, om salg og levering af produkter, reservedele og til\u00adknyttede ydelser til erhvervskunder.<\/p><h5><strong>2. Aftalegrundlag<\/strong><\/h5><p><strong>2.1<\/strong> Aftalegrundlag. Betingelserne udg\u00f8r sammen med Virksomhedens tilbud og ordrebekr\u00e6ftelser det samlede aftalegrundlag om Virksomhedens salg og levering af produkter, reservedele og tilknyttede ydelser til kunden (\u201dAftalegrundlaget\u201d). Kundens indk\u00f8bsbe\u00adting\u00adelser trykt p\u00e5 ordrer eller p\u00e5 anden m\u00e5de meddelt til Virksomheden udg\u00f8r ikke en del af Aftalegrundlaget.<\/p><p><strong>2.2<\/strong> \u00c6ndringer og till\u00e6g. \u00c6ndringer af og till\u00e6g til Aftalegrundlaget er kun g\u00e6ldende, hvis parterne har aftalt dem skriftligt.<\/p><h5><strong>3. Produkter, reservedele og ydelser<\/strong><\/h5><p><strong>3.1<\/strong> Produkter og reservedele. Produkter og reservedele, som Virksomheden s\u00e6lger og leverer til kunden, er nye og overholder EU lovgivning ved leveringen, med mindre andet klart fremg\u00e5r.<a name=\"_Ref335313815\"><\/a><\/p><p><strong>3.2<\/strong> Ydelser. Tilknyttede ydelser, som Virksom\u00adheden s\u00e6lger og leverer til kunden, i for\u00adbindelse med salg og levering af produkter eller reservedele s\u00e5som certifikater og dokumentation udf\u00f8res fagligt korrekt og overholder EU lovgivning ved leve\u00adringen.<\/p><p><strong>3.3<\/strong> Ansvarsbegr\u00e6nsning. Produkter, reservedele og tilknyttede ydelser, som Virksomheden s\u00e6lger og leverer til kunden, er beregnet til l\u00f8fteform\u00e5l. Uanset eventuelle modst\u00e5ende vilk\u00e5r i Aftalegrundlaget er Virksomheden i ingen tilf\u00e6lde ansvarlig for tab eller skade, der overstiger Virksomhedens d\u00e6kning via produktansvarsforsikring og transportforsikring. Kunden skal skadesl\u00f8sholde Virksomheden, i det omfang Virksomheden m\u00e5tte ifalde ansvar for s\u00e5dant tab eller skade.<\/p><h5><strong>4. Pris og betaling<\/strong><\/h5><p><strong>4.1<\/strong> Pris. Prisen for produkter, reservedele og tilknyttede ydelser f\u00f8lger Virksomhedens priser p\u00e5 det tidspunkt, hvor Virksomheden bekr\u00e6fter kundens ordre og fremg\u00e5r af ordrebekr\u00e6ftelsen. Alle priser er eksklusive moms.<\/p><p><strong>4.2<\/strong> Betaling. Kunden skal betale alle fakturaer for produkter, reservedele eller tilknyttede ydelser if\u00f8lge de betingelser der er angivet p\u00e5 ordrebekr\u00e6ftelsen.<\/p><p><strong>4.3<\/strong> Ejendomsforbehold. Varen tilh\u00f8rer Virksomheden, til fuld betaling i henhold til den fremsendte faktura er modtaget af Virksomheden.<\/p><h5><strong>5.\u00a0Forsinket betaling<\/strong><\/h5><p><strong>5.1<\/strong> Rente. Hvis kunden undlader at betale en faktura for produkter, reservedele eller tilknyttede ydelser rettidigt af \u00e5rsager, som Virksomheden er uden ansvar for, har Virksomheden ret til rente af det forfaldne bel\u00f8b p\u00e5 2 % pr. m\u00e5ned fra forfaldstid og til betaling sker.<\/p><p><strong>5.2<\/strong> Oph\u00e6velse. Hvis kunden undlader at betale en forfalden faktura for produkter, reservedele eller tilknyttede ydelser senest 14 dage efter at have modtaget skriftligt p\u00e5krav om betaling fra Virksomheden, har Virksomheden ud over rente efter pkt. 5.1 ret til at: (i) oph\u00e6ve salget af de produkter, reservedele og\/eller tilknyttede ydelser, som forsinkelsen vedr\u00f8rer, (ii) oph\u00e6ve salget af produkter, reservedele og\/eller tilknyttede ydelser, som endnu ikke er leveret til kunden, eller kr\u00e6ve forudbetaling herfor, og\/eller (iii) g\u00f8re andre misligholdelsesbef\u00f8jelser g\u00e6ldende.<\/p><h5><strong>6. Tilbud, ordrer og ordrebekr\u00e6ftelser<\/strong><\/h5><p><strong>6.1<\/strong> Tilbud. Virksomhedens tilbud er g\u00e6ldende i 10 dage fra den dato, tilbuddet er dateret, medmindre andet fremg\u00e5r af tilbuddet. Accept af tilbud, der er virksomheden i h\u00e6nde efter acceptfristens udl\u00f8b, er ikke bindende for Virksomheden, medmindre virksomheden meddeler kunden andet. I tilf\u00e6lde af v\u00e6sentlige valutakursudsving eller omkostningsstigninger p\u00e5 mere end 5 % i gyldighedsperioden, der p\u00e5virker Virksomheden, kan virksomheden v\u00e6lge, at erkl\u00e6re tilbuddet ugyldigt.<\/p><p><strong>6.2<\/strong> Ordrer. Kunden skal sende ordrer p\u00e5 produkter, reservedele eller tilknyttede ydelser til Virksomheden skriftligt.<\/p><p><strong>6.3<\/strong> Ordrebekr\u00e6ftelser. Virksomheden tilstr\u00e6ber at sende bekr\u00e6ftelse eller afslag af en ordre p\u00e5 produkter, reservedele eller tilknyttede ydelser til kunden skriftligt senest 2 arbejdsdage efter modtagelse af ordren. Bekr\u00e6ftelser og afslag af ordrer skal v\u00e6re skriftlige for at binde Virksomheden.<\/p><p><strong>6.4<\/strong> \u00c6ndring af ordrer. Kunden kan ikke \u00e6ndre en afgivet ordre p\u00e5 produkter, reservedele eller tilknyttede ydelser uden Virksomhedens skriftlige accept.<\/p><p><strong>6.5<\/strong> Valutakurser. I tilf\u00e6lde af v\u00e6sentlige valutakursudsving mere end 5 % i perioden fra ordren er bekr\u00e6ftet til den faktureres, kan Virksomheden v\u00e6lge, at kr\u00e6ve kompensation for den del af valutakurs\u00e6ndringen der overstiger 5 %. Dette g\u00e6lder alene for den valuta der er ordrebekr\u00e6ftet i forhold til DKK.<\/p><p><strong>6.6<\/strong> R\u00e5varer, fragt, afgifter, told, begr\u00e6nsende restriktioner og andre forhold. I tilf\u00e6lde af at virksomhedens omkostninger til r\u00e5varer, fragt eller andre forhold for\u00f8ges med mere end 5% kan Virksomheden v\u00e6lge, at kr\u00e6ve kompensation for den del af omkostningsstigningen der overstiger 5 %.<\/p><p><strong>6.7<\/strong> Uoverensstemmende vilk\u00e5r. Hvis Virksomhedens bekr\u00e6ftelse af en ordre p\u00e5 produkter, reservedele eller tilknyttede ydelser ikke stemmer overens med kundens ordre eller Aftalegrundlaget, og kunden ikke \u00f8nsker at acceptere de uoverensstemmende vilk\u00e5r, skal kunden meddele det til Virksomheden skriftligt senest 5 arbejdsdage efter modtagelse af ordrebekr\u00e6ftelsen, og inden varen forlader Virksomhedens lager. I modsat fald er kunden bundet af ordrebekr\u00e6ftelsen.<\/p><h5><strong>7.\u00a0\u00a0Levering<\/strong><\/h5><p><strong>7.1<\/strong> Leveringsbetingelse. Virksomhedens leveringsbetingelser fremg\u00e5r af ordrebekr\u00e6ftelsen. Er ikke andet aftalt er standardbetingelserne EXW ufortoldet.\u00a0<\/p><p><strong>7.2<\/strong> Leveringstid. Virksomheden leverer alle solgte produkter, reservedele og tilknyttede ydelser til den tid, der fremg\u00e5r af Virksomhedens ordrebekr\u00e6ftelse.<\/p><p><strong>7.3<\/strong> Unders\u00f8gelse. Kunden skal unders\u00f8ge alle produkter, reservedele og tilknyttede ydelser ved leveringen. Hvis kunden opdager en fejl eller mangel, som kunden \u00f8nsker at p\u00e5ber\u00e5be sig, skal den straks meddeles skriftligt til Virksomheden. Hvis en fejl eller mangel, som kunden opdager eller burde have opdaget, ikke straks meddeles skriftligt til Virksomheden, kan den ikke senere g\u00f8res g\u00e6ldende.<\/p><p><strong>7.4<\/strong> Fakturering af produkter \u00e6ldre end 9 m\u00e5neder regnet fra levering til lager eller kunde. For produkter der leveres fra via lager eller varer i konsignationslager, g\u00e6lder at alt faktureres efter 9 m\u00e5neder med mindre andet specifikt er aftalt. Er mindre end 50% af ordren leveret og faktureret til kunden, inden 3 m\u00e5neder er AGON berettiget til at fakturere lageromkostninger svarende til AGON\u00b4s faktiske omkostninger.<\/p><p><strong>7.5<\/strong> Lagerleje. Er mindre end 50% af ordren leveret og faktureret til kunden, inden 3 m\u00e5neder er AGON berettiget til at fakturere lageromkostninger svarende til AGON\u00b4s faktiske omkostninger.<\/p><h5><strong>8. Forsinket levering\u00a0<\/strong><\/h5><p><strong>8.1<\/strong> Meddelelse. Hvis Virksomheden forventer en forsinkelse i leveringen af produkter, reservedele eller tilknyttede ydelser, informerer Virksomheden kunden om det og oplyser samtidig \u00e5rsagen til forsinkelsen og ny forventet leveringstid.<\/p><h5><strong>9. Garanti<\/strong><\/h5><p><strong>9.1<\/strong> Garanti. Virksomheden garanterer, at produkter, reservedele og tilknyttede ydelser er fri for v\u00e6sentlige fejl og mangler i design, materialer og udf\u00f8relse i 12 m\u00e5neder efter leveringen.<\/p><p><strong>9.2<\/strong> Undtagelser. Virksomhedens garanti omfat\u00adter ikke sliddele og fejl eller mangler, der skyldes: (i) almindelig slitage, (ii) opbevaring, installa\u00adtion, brug eller vedligeholdelse i strid med Virksomhedens instruktioner eller almindelig praksis, (iii) reparation eller \u00e6ndring udf\u00f8rt af andre end Virksomheden, og (iv) andre forhold, som Virksomheden er uden ansvar for.<\/p><p><strong>9.3<\/strong> Meddelelse. Hvis kunden opdager en fejl eller mangel i garantiperioden, som kunden \u00f8nsker at p\u00e5ber\u00e5be sig, skal den straks meddeles skriftligt til Virksomheden. Hvis en fejl eller mangel, som kunden opdager eller burde have opdaget, ikke straks meddeles skriftligt til Virksomheden, kan den ikke senere g\u00f8res g\u00e6ldende. Kunden skal give Virksomheden de oplysninger om en meddelt fejl eller mangel, som Virksomheden beder om.<\/p><h5><strong>10. Ansvar<\/strong><\/h5><p><strong>10.1<\/strong> Ansvar. Hver part er ansvarlig for egne handlinger og undladelser efter g\u00e6ldende ret med de begr\u00e6nsninger, der f\u00f8lger af Aftalegrundlaget.<\/p><p><strong>10.2<\/strong> Produktansvar. Virksomheden er ansvarlig for produktansvar med hensyn til leverede produkter og reservedele, i det omfang et s\u00e5dant ansvar f\u00f8lger af ufravigelig lovgivning. Kunden skal skadesl\u00f8sholde Virksomheden, i det omfang Virksomheden m\u00e5tte ifalde produktansvar herudover.<\/p><p><strong>10.3<\/strong> Ansvarsbegr\u00e6nsning. Uanset eventuelle modst\u00e5ende vilk\u00e5r i Aftalegrundlaget kan Virksomhedens ansvar over for kunden, ikke overstige den produktansvarsforsikring eller transportforsikring Virksomheden har tegnet.<\/p><p><strong>10.4<\/strong> Indirekte tab. Uanset eventuelle modst\u00e5ende vilk\u00e5r i Aftalegrundlaget er Virksomheden ikke ansvarlig over for kunden for indirekte tab, herunder tab af produktion, salg, fortjeneste, tid eller goodwill, medmindre det er for\u00e5rsaget fors\u00e6tligt eller groft uagtsomt, og\/eller dette er d\u00e6kket af Virksomhedens produktansvarsforsikring eller transportforsikring.<\/p><p><strong>10.5<\/strong> Force majeure. Uanset eventuelle modst\u00e5ende vilk\u00e5r i Aftalegrundlaget er Virksomheden ikke ansvarlig over for kunden for manglende opfyldelse af forpligtelser, som kan henh\u00f8res til force majeure.Ansvarsfriheden best\u00e5r, s\u00e5 l\u00e6nge force majeure best\u00e5r. Som force majeure anses forhold, der er uden for Virksomhedens kontrol, og som Virksomheden ikke burde have forudset ved aftalens indg\u00e5else. Eksempler p\u00e5 force majeure er us\u00e6dvanlige naturforhold, krig, terror, brand, oversv\u00f8mmelse, h\u00e6rv\u00e6rk og arbejdsstridigheder.\u00a0<\/p><p><strong>10.6<\/strong> Forsikring af varer. For produkter der leveres fra via lager eller varer i konsignationslager, g\u00e6lder at kunden selv er ansvarlig for forsikringen af disse.\u00a0\u00a0\u00a0<\/p><h5><strong>11. Immaterielle rettigheder<\/strong><\/h5><p><strong>11.1<\/strong> Ejendomsret. Den fulde ejendomsret til alle immaterielle rettigheder vedr\u00f8rende produkter, reservedele og tilknyttede ydelser, herunder patenter, design, varem\u00e6rker og ophavsrettigheder, tilh\u00f8rer Virksomheden.\u00a0<\/p><h5><strong>12. Fortrolighed<\/strong><strong>\u00a0<\/strong><\/h5><p><strong>12.1<\/strong> Videregivelse og brug. Kunden m\u00e5 ikke viderebringe eller bruge eller s\u00e6tte andre i stand til at bruge Virksomhedens erhvervshemmeligheder eller andre oplys\u00adninger uanset art, som ikke er offentligt tilg\u00e6ngelige.\u00a0<\/p><p><strong>12.2<\/strong> Beskyttelse. Kunden m\u00e5 ikke p\u00e5 utilb\u00f8rlig m\u00e5de skaffe sig eller fors\u00f8ge at skaffe sig kendskab til eller r\u00e5dighed over Virksomhedens fortrolige oplysninger som beskrevet i pkt.<\/p><p><strong>12.3<\/strong>\u00a0Kunden skal omg\u00e5s og opbevare oplysningerne forsvarligt for at undg\u00e5, at de utilsigtet kommer til andres kundskab.\u00a0<\/p><p><strong>12.4<\/strong> Varighed. Kundens forpligtelser efter pkt. 12.1-12.2 g\u00e6lder under parternes samhandel og uden tidsbegr\u00e6nsning efter samhandlens oph\u00f8r uanset \u00e5rsagen til oph\u00f8ret.<\/p><h5><strong>13.\u00a0\u00a0Ekstern test af stropper<\/strong><\/h5><p><strong>13.1<\/strong> AGON har et h\u00f8jtudviklet kvalitetssystem, hvor vi udf\u00f8rer de test og kontroller som er foreskrevet.<\/p><p>Anmoder kunden, ud over dette, at f\u00e5 udf\u00f8rt en uafh\u00e6ngig vil AGON anvise et uafh\u00e6ngigt testcenter, der kan udf\u00f8re tr\u00e6kpr\u00f8ver mm.<\/p><p>For tiden vil det v\u00e6re T\u00dcV S\u00dcD Hangzhou.<\/p><p><strong>13.2<\/strong> AGON accepterer ikke egne udf\u00f8rte tests eller tests udf\u00f8rt af andre end det af AGON anviste testcenter.<\/p><p>Alle omkostninger kan oplyses p\u00e5 foranledning og d\u00e6kkes af kunden.<\/p><h5><strong>14.\u00a0\u00a0G\u00e6ldende ret og v\u00e6rneting<\/strong><\/h5><p><strong>14.1<\/strong> G\u00e6ldende ret. Parternes samhandel er i alle henseender underlagt dansk ret.<\/p><p><strong>14.2<\/strong> V\u00e6rneting. Enhver tvist, som m\u00e5tte opst\u00e5 i forbindelse med parternes samhandel, skal afg\u00f8res ved en dansk domstol, der v\u00e6lges af Virksomheden.\u00a0<\/p>\t\t\t\t\t\t\t\t<\/div>\n\t\t\t\t<\/div>\n\t\t\t\t\t<\/div>\n\t\t<\/div>\n\t\t\t\t\t<\/div>\n\t\t<\/section>\n\t\t\t\t<\/div>\n\t\t","protected":false},"excerpt":{"rendered":"<p>Salgs- og leveringsbetingelser 1.\u00a0Anvendelse 1.1 Anvendelse. Almindelige salgs- og leverings\u00adbetingelser (\u201dBetingelserne\u201d) g\u00e6lder for alle aftaler fra AGON A\/S. CVR: 31889480, efterf\u00f8lgende kaldet \u201dVirksomheden\u201d, om salg og levering af produkter, reservedele og til\u00adknyttede ydelser til erhvervskunder. 2. Aftalegrundlag 2.1 Aftalegrundlag. Betingelserne udg\u00f8r sammen med Virksomhedens tilbud og ordrebekr\u00e6ftelser det samlede aftalegrundlag om Virksomhedens salg og levering [&hellip;]<\/p>\n","protected":false},"author":1,"featured_media":0,"parent":0,"menu_order":0,"comment_status":"closed","ping_status":"closed","template":"","meta":{"site-sidebar-layout":"no-sidebar","site-content-layout":"page-builder","ast-site-content-layout":"default","site-content-style":"default","site-sidebar-style":"default","ast-global-header-display":"","ast-banner-title-visibility":"","ast-main-header-display":"","ast-hfb-above-header-display":"","ast-hfb-below-header-display":"","ast-hfb-mobile-header-display":"","site-post-title":"disabled","ast-breadcrumbs-content":"","ast-featured-img":"disabled","footer-sml-layout":"","ast-disable-related-posts":"","theme-transparent-header-meta":"","adv-header-id-meta":"","stick-header-meta":"","header-above-stick-meta":"","header-main-stick-meta":"","header-below-stick-meta":"","astra-migrate-meta-layouts":"default","ast-page-background-enabled":"default","ast-page-background-meta":{"desktop":{"background-color":"var(--ast-global-color-4)","background-image":"","background-repeat":"repeat","background-position":"center center","background-size":"auto","background-attachment":"scroll","background-type":"","background-media":"","overlay-type":"","overlay-color":"","overlay-opacity":"","overlay-gradient":""},"tablet":{"background-color":"","background-image":"","background-repeat":"repeat","background-position":"center center","background-size":"auto","background-attachment":"scroll","background-type":"","background-media":"","overlay-type":"","overlay-color":"","overlay-opacity":"","overlay-gradient":""},"mobile":{"background-color":"","background-image":"","background-repeat":"repeat","background-position":"center center","background-size":"auto","background-attachment":"scroll","background-type":"","background-media":"","overlay-type":"","overlay-color":"","overlay-opacity":"","overlay-gradient":""}},"ast-content-background-meta":{"desktop":{"background-color":"var(--ast-global-color-5)","background-image":"","background-repeat":"repeat","background-position":"center center","background-size":"auto","background-attachment":"scroll","background-type":"","background-media":"","overlay-type":"","overlay-color":"","overlay-opacity":"","overlay-gradient":""},"tablet":{"background-color":"var(--ast-global-color-5)","background-image":"","background-repeat":"repeat","background-position":"center center","background-size":"auto","background-attachment":"scroll","background-type":"","background-media":"","overlay-type":"","overlay-color":"","overlay-opacity":"","overlay-gradient":""},"mobile":{"background-color":"var(--ast-global-color-5)","background-image":"","background-repeat":"repeat","background-position":"center center","background-size":"auto","background-attachment":"scroll","background-type":"","background-media":"","overlay-type":"","overlay-color":"","overlay-opacity":"","overlay-gradient":""}},"footnotes":""},"class_list":["post-291","page","type-page","status-publish","hentry"],"_links":{"self":[{"href":"https:\/\/agonlifting.com\/da\/wp-json\/wp\/v2\/pages\/291","targetHints":{"allow":["GET"]}}],"collection":[{"href":"https:\/\/agonlifting.com\/da\/wp-json\/wp\/v2\/pages"}],"about":[{"href":"https:\/\/agonlifting.com\/da\/wp-json\/wp\/v2\/types\/page"}],"author":[{"embeddable":true,"href":"https:\/\/agonlifting.com\/da\/wp-json\/wp\/v2\/users\/1"}],"replies":[{"embeddable":true,"href":"https:\/\/agonlifting.com\/da\/wp-json\/wp\/v2\/comments?post=291"}],"version-history":[{"count":0,"href":"https:\/\/agonlifting.com\/da\/wp-json\/wp\/v2\/pages\/291\/revisions"}],"wp:attachment":[{"href":"https:\/\/agonlifting.com\/da\/wp-json\/wp\/v2\/media?parent=291"}],"curies":[{"name":"wp","href":"https:\/\/api.w.org\/{rel}","templated":true}]}}