{"id":3,"date":"2021-08-15T20:26:31","date_gmt":"2021-08-15T20:26:31","guid":{"rendered":"https:\/\/agonlifting.com\/?page_id=3"},"modified":"2022-08-18T19:32:06","modified_gmt":"2022-08-18T17:32:06","slug":"privatlivspolitik","status":"publish","type":"page","link":"https:\/\/agonlifting.com\/da\/privatlivspolitik\/","title":{"rendered":"Privatlivspolitik"},"content":{"rendered":"\t\t<div data-elementor-type=\"wp-page\" data-elementor-id=\"3\" class=\"elementor elementor-3\" data-elementor-post-type=\"page\">\n\t\t\t\t\t\t<section class=\"elementor-section elementor-top-section elementor-element elementor-element-e5b8cd9 elementor-section-height-min-height elementor-section-full_width elementor-section-height-default elementor-section-items-middle\" data-id=\"e5b8cd9\" data-element_type=\"section\" data-e-type=\"section\" data-settings=\"{&quot;background_background&quot;:&quot;classic&quot;}\">\n\t\t\t\t\t\t\t<div class=\"elementor-background-overlay\"><\/div>\n\t\t\t\t\t\t\t<div class=\"elementor-container elementor-column-gap-default\">\n\t\t\t\t\t<div class=\"elementor-column elementor-col-100 elementor-top-column elementor-element elementor-element-5ed0f34b\" data-id=\"5ed0f34b\" data-element_type=\"column\" data-e-type=\"column\">\n\t\t\t<div class=\"elementor-widget-wrap elementor-element-populated\">\n\t\t\t\t\t\t<section class=\"elementor-section elementor-inner-section elementor-element elementor-element-435afffb elementor-section-boxed elementor-section-height-default elementor-section-height-default\" data-id=\"435afffb\" data-element_type=\"section\" data-e-type=\"section\">\n\t\t\t\t\t\t<div class=\"elementor-container elementor-column-gap-default\">\n\t\t\t\t\t<div class=\"elementor-column elementor-col-100 elementor-inner-column elementor-element elementor-element-39e49917\" data-id=\"39e49917\" data-element_type=\"column\" data-e-type=\"column\">\n\t\t\t<div class=\"elementor-widget-wrap elementor-element-populated\">\n\t\t\t\t\t\t\t<\/div>\n\t\t<\/div>\n\t\t\t\t\t<\/div>\n\t\t<\/section>\n\t\t\t\t\t<\/div>\n\t\t<\/div>\n\t\t\t\t\t<\/div>\n\t\t<\/section>\n\t\t\t\t<section class=\"elementor-section elementor-top-section elementor-element elementor-element-52c5c614 elementor-section-height-min-height elementor-section-boxed elementor-section-height-default elementor-section-items-middle\" data-id=\"52c5c614\" data-element_type=\"section\" data-e-type=\"section\">\n\t\t\t\t\t\t<div class=\"elementor-container elementor-column-gap-default\">\n\t\t\t\t\t<div class=\"elementor-column elementor-col-100 elementor-top-column elementor-element elementor-element-3154dfdd\" data-id=\"3154dfdd\" data-element_type=\"column\" data-e-type=\"column\">\n\t\t\t<div class=\"elementor-widget-wrap elementor-element-populated\">\n\t\t\t\t\t\t<div class=\"elementor-element elementor-element-46af69ad elementor-widget elementor-widget-text-editor\" data-id=\"46af69ad\" data-element_type=\"widget\" data-e-type=\"widget\" data-widget_type=\"text-editor.default\">\n\t\t\t\t<div class=\"elementor-widget-container\">\n\t\t\t\t\t\t\t\t\t<p>Denne privatlivspolitik omfatter <strong>AGON A\/S<\/strong> (CVR: 31889480) og datterselskabet <strong>AGON Engineering A\/S<\/strong> (CVR: 41445173 som samlet set ben\u00e6vnes <strong>AGON LIFTING<\/strong> i det efterf\u00f8lgende.<\/p><p>Vores privatlivspolitik handler om hvordan <strong>AGON LIFTING<\/strong> indsamler og behandler personlige oplysninger i forbindelse med servicering af vores kunder. Det kan v\u00e6re data som indsamles og behandles i forbindelse med almindelig korrespondance, via <strong>AGON LIFTING<\/strong>s hjemmesider samt internetbutik og i forbindelse med udsendelse af e-post m.v.<\/p><p>Vi behandler de oplysninger du giver os, eller som vi indsamler, i overensstemmelse med g\u00e6ldende regler. Vi er bevidste om, at dine oplysninger skal behandles med respekt for oplysningernes fortrolighed og for dit privatliv.<\/p><h4>Hvad er personlige oplysninger?<\/h4><p><strong>AGON LIFTING<\/strong> er dataansvarlig for de oplysninger, vi modtager fra dig eller om dig eller indhenter om dig i forbindelse med udf\u00f8relse af vores serviceydelser eller salg af produkter.<\/p><p>Personlige oplysninger er enhver form for information om en identificeret eller identificerbar fysisk person. Det vil sige alle former for oplysninger, der direkte eller indirekte kan knyttes til en person. Det kan f.eks. v\u00e6re for- og efternavn, privatadresse, e-mailadresse, eller andre kontaktoplysninger, uanset om de vedr\u00f8rer vedkommendes private bop\u00e6l eller arbejdsplads.\u00a0<\/p><p>Som hovedregel kan du bruge vores hjemmeside uden at fort\u00e6lle os, hvem du er, eller i \u00f8vrigt give personlige oplysninger om dig selv. Handler du i vores netbutik eller udfylder du en af vores online formularer, beder vi dig indtaste personoplysninger, for at vi kan servicere dig.<\/p><h4>Hvordan indsamler AGON LIFTING personoplysninger?<\/h4><p>Ud over de ovenst\u00e5ende oplysninger, som du selv indtaster i forbindelse med k\u00f8b af vores produkter, ved udfyldelse af formularer eller tilmelding til fx nyhedsmail, kan <strong>AGON LIFTING<\/strong> indsamle personoplysninger om dig p\u00e5 forskellige m\u00e5der, herunder:<\/p><ul><li>Ved brug af cookies p\u00e5 hjemmesiden<\/li><li>Ved at du selv afgiver oplysninger, eksempelvis ved at besvare et sp\u00f8rgeskema eller udfylde en formular p\u00e5 hjemmesiden<\/li><li>Ved at du handler i vores netbutik<\/li><li>Ved at du ringer til os og beder os om at udf\u00f8re en serviceydelse for dig<\/li><li>Ved brug af sociale medier, s\u00e5som Facebook og LinkedIn, i forbindelse med <strong>AGON LIFTING<\/strong>s services, tjenester og\/eller omtale, tagging eller p\u00e5 anden vis markedsf\u00f8ring af eller kommunikation med <strong>AGON LIFTING<\/strong>.<\/li><\/ul><p>I den forbindelse kan <strong>AGON LIFTING<\/strong> blandt andet indsamle f\u00f8lgende personoplysninger:<\/p><ul><li>Dit navn<\/li><li>Identifikations- og kontaktoplysninger (adresse, telefonnummer, e-mailadresse)<\/li><li>IP-adresse, oplysninger om styresystemet p\u00e5 din computer eller mobile enhed og den valgte browser<\/li><li>Online aktiviteter p\u00e5 hjemmesiden<\/li><li>Dine henvendelser, udfyldelse af formularer, og anden kommunikation med <strong>AGON LIFTING<\/strong><\/li><li>Informationer om dig fra de sociale medier, fx fra Facebook<\/li><\/ul><p><strong>AGON LIFTING<\/strong> behandler ikke personf\u00f8lsomme oplysninger om dig som kunde.<\/p><h4>Hvad bruger AGON LIFTING personoplysningerne til?<\/h4><p>Vi bruger f\u00f8rst og fremmest oplysningerne til at kunne levere vores ydelser eller produkter til dig som kunde. Eksempelvis n\u00e5r du k\u00f8ber et produkt eller du \u00f8nsker en konsulentydelse, skal vi kunne registrere dine personoplysninger for at vi kan betjene dig, n\u00e5r du ringer efter hj\u00e6lp. Vi kan desuden anvende oplysninger til at m\u00e5lrette vores markedsf\u00f8ring, s\u00e5 det er relevant for dig og andre brugere.<\/p><h4>Hvad er retsgrundlaget for at AGON LIFTING behandler dine personoplysningerne?<\/h4><p>Vores grundlag for at behandle dine personoplysninger er dels opfyldelse af aftaleforhold eller forpligtelser over for dig (databeskyttelsesforordningens artikel 6, stk. 1, litra b), dels en interesseafvejning (databeskyttelsesforordningens artikel 6, stk. 1, litra f). De legitime interesser, der begrunder behandlingen, er vores interesse i at kunne m\u00e5lrette vores kommunikations- og markedsf\u00f8ringsindsats, levere den information du eftersp\u00f8rger, samt service dig som kunde hos os.<\/p><h4>Hvem videregiver AGON LIFTING personoplysninger til?<\/h4><p>De personoplysninger du afgiver til os p\u00e5 hjemmesiden (og andre sites som vi driver) anvendes kun af <strong>AGON LIFTING<\/strong> koncernen eller dennes underleverand\u00f8rer. <strong>AGON LIFTING<\/strong> videregiver kun personlige data i den udstr\u00e6kning, lovgivningen kr\u00e6ver det, eksempelvis til politi eller myndigheder med forn\u00f8dent retsgrundlag. <strong>AGON LIFTING<\/strong> benytter databehandlere til eksempelvis IT-drift og cloud hosting.<\/p><p>Vores hjemmesider kan indeholde sociale mediefunktioner som links til fx Facebook, LinkedIn og Youtube videoer, som har deres egne privatlivspolitikker. Vi opfordrer dig til at l\u00e6se deres betingelser og vilk\u00e5r samt privatlivspolitik grundigt, inden du afgiver personoplysninger.<\/p><h4>Opbevaring af dine personoplysninger<\/h4><p>Vi opbevarer dine personoplysninger i 5 \u00e5r efter afgivelse\/aktivitet.<\/p><h4>Dine rettigheder<\/h4><p>Du har efter lovgivningen en r\u00e6kke rettigheder i forhold til vores behandling af oplysninger om dig:<\/p><p>Indsigelsesret: Du har ret til at f\u00e5 indsigt i de oplysninger, som vi behandler om dig, samt en r\u00e6kke yderligere oplysninger. Beder du om indsigt tager det os 10 \u2013 15 arbejdsdage fra vi har modtaget din henvendelse, til vi kan levere dataene til dig.<\/p><p>Berigtigelse (rettelse) og sletning: Du har ret til at f\u00e5 urigtige oplysninger om dig selv rettet, og du har \u2013 I s\u00e6rlige tilf\u00e6lde \u2013 ret til at f\u00e5 slettet oplysninger om dig eller f\u00e5 behandlingen af dine personoplysninger begr\u00e6nset.<\/p><p>Indsigelse: Du har i visse tilf\u00e6lde ret til at g\u00f8re indsigelse mod vores ellers lovlige behandling af dine personoplysninger. Du kan ogs\u00e5 g\u00f8re indsigelse mod behandling af dine oplysninger til direkte markedsf\u00f8ring. Hvis du vil g\u00f8re brug af dine rettigheder skal du kontakte os. Se kontaktinformation nedenfor.<\/p><p>Du kan l\u00e6se mere om dine rettigheder hos Datatilsynet (<a href=\"https:\/\/www.datatilsynet.dk\" target=\"_blank\" rel=\"noopener\">https:\/\/www.datatilsynet.dk<\/a>)<\/p><p>Hvis du er utilfreds med den m\u00e5de, vi behandler dine personoplysninger p\u00e5, kan du klage til Datatilsynet (<a href=\"https:\/\/www.datatilsynet.dk\" target=\"_blank\" rel=\"noopener\">https:\/\/www.datatilsynet.dk<\/a>)<\/p><h4>Hvem er dataansvarlig og hvordan kommer jeg i kontakt med AGON LIFTING<\/h4><p><strong>AGON A\/S<\/strong> (CVR: 31889480), Gammelbro 70E, 1. 9., 7190 Billund er dataansvarlig for behandlingen af dine oplysninger. Du kan kontakte <strong>AGON A\/S<\/strong> p\u00e5 tlf. (+45) 7028 7050 p\u00e5 hverdage mellem kl. 10:00 og 14:00, hvis du har sp\u00f8rgsm\u00e5l til vores databehandling.<\/p><h4>Behandling af persondata<\/h4><p>Orientering om behandling af persondata i forbindelse med din kontakt til <strong>AGON LIFTING<\/strong>.<\/p><p><strong>AGON LIFTING<\/strong> registrerer persondata om dig, og behandlingen er forskellig afh\u00e6ngig af, i hvilken forbindelse du har kontakt med <strong>AGON LIFTING<\/strong>.<\/p><h4>Kontaktoplysninger vedr\u00f8rende privatlivspolitik og personoplysninger<\/h4><p>\u00a0<\/p><p><strong>AGON A\/S<br \/><\/strong>(CVR: 31889480)<br \/>Gammelbro 70E, 1. 9.<br \/>7190 Billund<\/p><p>Telefon: 7028 7050<br \/>Mail: info@agon.dk\u00a0<\/p><p>\u00a0<\/p>\t\t\t\t\t\t\t\t<\/div>\n\t\t\t\t<\/div>\n\t\t\t\t\t<\/div>\n\t\t<\/div>\n\t\t\t\t\t<\/div>\n\t\t<\/section>\n\t\t\t\t<\/div>\n\t\t","protected":false},"excerpt":{"rendered":"<p>Denne privatlivspolitik omfatter AGON A\/S (CVR: 31889480) og datterselskabet AGON Engineering A\/S (CVR: 41445173 som samlet set ben\u00e6vnes AGON LIFTING i det efterf\u00f8lgende. Vores privatlivspolitik handler om hvordan AGON LIFTING indsamler og behandler personlige oplysninger i forbindelse med servicering af vores kunder. Det kan v\u00e6re data som indsamles og behandles i forbindelse med almindelig korrespondance, [&hellip;]<\/p>\n","protected":false},"author":1,"featured_media":0,"parent":0,"menu_order":0,"comment_status":"closed","ping_status":"open","template":"elementor_header_footer","meta":{"site-sidebar-layout":"","site-content-layout":"page-builder","ast-site-content-layout":"default","site-content-style":"default","site-sidebar-style":"default","ast-global-header-display":"","ast-banner-title-visibility":"","ast-main-header-display":"","ast-hfb-above-header-display":"","ast-hfb-below-header-display":"","ast-hfb-mobile-header-display":"","site-post-title":"","ast-breadcrumbs-content":"","ast-featured-img":"","footer-sml-layout":"","ast-disable-related-posts":"","theme-transparent-header-meta":"","adv-header-id-meta":"","stick-header-meta":"","header-above-stick-meta":"","header-main-stick-meta":"","header-below-stick-meta":"","astra-migrate-meta-layouts":"default","ast-page-background-enabled":"default","ast-page-background-meta":{"desktop":{"background-color":"var(--ast-global-color-4)","background-image":"","background-repeat":"repeat","background-position":"center center","background-size":"auto","background-attachment":"scroll","background-type":"","background-media":"","overlay-type":"","overlay-color":"","overlay-opacity":"","overlay-gradient":""},"tablet":{"background-color":"","background-image":"","background-repeat":"repeat","background-position":"center center","background-size":"auto","background-attachment":"scroll","background-type":"","background-media":"","overlay-type":"","overlay-color":"","overlay-opacity":"","overlay-gradient":""},"mobile":{"background-color":"","background-image":"","background-repeat":"repeat","background-position":"center center","background-size":"auto","background-attachment":"scroll","background-type":"","background-media":"","overlay-type":"","overlay-color":"","overlay-opacity":"","overlay-gradient":""}},"ast-content-background-meta":{"desktop":{"background-color":"var(--ast-global-color-5)","background-image":"","background-repeat":"repeat","background-position":"center center","background-size":"auto","background-attachment":"scroll","background-type":"","background-media":"","overlay-type":"","overlay-color":"","overlay-opacity":"","overlay-gradient":""},"tablet":{"background-color":"var(--ast-global-color-5)","background-image":"","background-repeat":"repeat","background-position":"center center","background-size":"auto","background-attachment":"scroll","background-type":"","background-media":"","overlay-type":"","overlay-color":"","overlay-opacity":"","overlay-gradient":""},"mobile":{"background-color":"var(--ast-global-color-5)","background-image":"","background-repeat":"repeat","background-position":"center center","background-size":"auto","background-attachment":"scroll","background-type":"","background-media":"","overlay-type":"","overlay-color":"","overlay-opacity":"","overlay-gradient":""}},"footnotes":""},"class_list":["post-3","page","type-page","status-publish","hentry"],"_links":{"self":[{"href":"https:\/\/agonlifting.com\/da\/wp-json\/wp\/v2\/pages\/3","targetHints":{"allow":["GET"]}}],"collection":[{"href":"https:\/\/agonlifting.com\/da\/wp-json\/wp\/v2\/pages"}],"about":[{"href":"https:\/\/agonlifting.com\/da\/wp-json\/wp\/v2\/types\/page"}],"author":[{"embeddable":true,"href":"https:\/\/agonlifting.com\/da\/wp-json\/wp\/v2\/users\/1"}],"replies":[{"embeddable":true,"href":"https:\/\/agonlifting.com\/da\/wp-json\/wp\/v2\/comments?post=3"}],"version-history":[{"count":0,"href":"https:\/\/agonlifting.com\/da\/wp-json\/wp\/v2\/pages\/3\/revisions"}],"wp:attachment":[{"href":"https:\/\/agonlifting.com\/da\/wp-json\/wp\/v2\/media?parent=3"}],"curies":[{"name":"wp","href":"https:\/\/api.w.org\/{rel}","templated":true}]}}