{"id":292,"date":"2021-09-07T23:17:11","date_gmt":"2021-09-07T21:17:11","guid":{"rendered":"https:\/\/agonlifting.com\/?post_type=product&#038;p=292"},"modified":"2023-07-12T09:40:44","modified_gmt":"2023-07-12T07:40:44","slug":"endeloese-stropper","status":"publish","type":"product","link":"https:\/\/agonlifting.com\/da\/vare\/endeloese-stropper\/","title":{"rendered":"Endel\u00f8se Stropper"},"content":{"rendered":"<p>AGON\u00ae har v\u00e6ret synonym for produktionsekspertise gennem mere end 20 \u00e5r. Vi har opbygget en \u201dsecond to none\u201d kvalitetsstyring i alle led, og kvaliteten dokumenteres i pr\u00f8vningscertifikater og f\u00f8lger med produktet helt frem til brugsstedet via vores unikke QR dokumentationssystem. Flere af vores produkter er egenudviklede og beskyttet mod kopiering. Derfor stoler vores kunder p\u00e5 varem\u00e6rket AGON\u00ae.<\/p>\n<p><strong>Direkte link til relevante vejledninger:<\/strong><\/p>\n<ul>\n<li><a href=\"https:\/\/agonlifting.com\/da\/dokument\/brugsanvisning-for-agon-flade-stropper-og-rundsling\/\" target=\"_blank\" rel=\"noopener\">Brugervejledning for flade stropper og rundsling<\/a><\/li>\n<li><a href=\"https:\/\/agonlifting.com\/da\/dokument\/kassationskriterier-for-agon-flade-stropper-og-rundsling\/\" target=\"_blank\" rel=\"noopener\">Kassationskriterier for AGON flade stropper og rundsling<\/a><\/li>\n<\/ul>\n","protected":false},"excerpt":{"rendered":"<p><strong>Flade endel\u00f8se stropper <\/strong>er et fladt b\u00e5nd der er sammensyet.<br \/>\nAGON\u00ae endel\u00f8se stropper er et prisbilligt alternativ, som ofte anvendes hvor der er et stort forbrug af stropper og hvor disse medleveres til kunden.<\/p>\n<p>AGON\u00ae endel\u00f8se stropper er produceret efter EN1492-1 og er dermed CE m\u00e6rkede og godkendte i alle EU- og E\u00d8S-lande. Derfor kan stroppen medleveres varerne og genbruges hos kunden.<\/p>\n<p>N\u00e5r du k\u00f8ber l\u00f8ftestropper hos AGON\u00ae f\u00e5r du som kunde automatisk adgang til vores AGON <strong><a href=\"https:\/\/agonlifting.com\/da\/cases\/agon-all-inclusive\/\" target=\"_blank\" rel=\"noopener\">ALL INCLUSIVE service. L\u00e6s mere om den her.<\/a><\/strong><\/p>\n<p>Har du specielle krav eller \u00f8nsker til produktet kan vi ogs\u00e5 hj\u00e6lpe med det. <strong><a href=\"https:\/\/agonlifting.com\/da\/kontakt\/\" target=\"_blank\" rel=\"noopener\">Kontakt os her og vil hj\u00e6lper dig p\u00e5 vej &gt;&gt;<\/a><\/strong><\/p>\n","protected":false},"featured_media":4950,"template":"","meta":{"site-sidebar-layout":"no-sidebar","site-content-layout":"default","ast-site-content-layout":"default","site-content-style":"default","site-sidebar-style":"default","ast-global-header-display":"","ast-banner-title-visibility":"","ast-main-header-display":"","ast-hfb-above-header-display":"","ast-hfb-below-header-display":"","ast-hfb-mobile-header-display":"","site-post-title":"","ast-breadcrumbs-content":"","ast-featured-img":"","footer-sml-layout":"","ast-disable-related-posts":"","theme-transparent-header-meta":"default","adv-header-id-meta":"","stick-header-meta":"","header-above-stick-meta":"","header-main-stick-meta":"","header-below-stick-meta":"","astra-migrate-meta-layouts":"default","ast-page-background-enabled":"default","ast-page-background-meta":{"desktop":{"background-color":"var(--ast-global-color-4)","background-image":"","background-repeat":"repeat","background-position":"center center","background-size":"auto","background-attachment":"scroll","background-type":"","background-media":"","overlay-type":"","overlay-color":"","overlay-opacity":"","overlay-gradient":""},"tablet":{"background-color":"","background-image":"","background-repeat":"repeat","background-position":"center center","background-size":"auto","background-attachment":"scroll","background-type":"","background-media":"","overlay-type":"","overlay-color":"","overlay-opacity":"","overlay-gradient":""},"mobile":{"background-color":"","background-image":"","background-repeat":"repeat","background-position":"center center","background-size":"auto","background-attachment":"scroll","background-type":"","background-media":"","overlay-type":"","overlay-color":"","overlay-opacity":"","overlay-gradient":""}},"ast-content-background-meta":{"desktop":{"background-color":"var(--ast-global-color-5)","background-image":"","background-repeat":"repeat","background-position":"center center","background-size":"auto","background-attachment":"scroll","background-type":"","background-media":"","overlay-type":"","overlay-color":"","overlay-opacity":"","overlay-gradient":""},"tablet":{"background-color":"var(--ast-global-color-5)","background-image":"","background-repeat":"repeat","background-position":"center center","background-size":"auto","background-attachment":"scroll","background-type":"","background-media":"","overlay-type":"","overlay-color":"","overlay-opacity":"","overlay-gradient":""},"mobile":{"background-color":"var(--ast-global-color-5)","background-image":"","background-repeat":"repeat","background-position":"center center","background-size":"auto","background-attachment":"scroll","background-type":"","background-media":"","overlay-type":"","overlay-color":"","overlay-opacity":"","overlay-gradient":""}}},"product_brand":[],"product_cat":[21],"product_tag":[],"class_list":{"0":"post-292","1":"product","2":"type-product","3":"status-publish","4":"has-post-thumbnail","6":"product_cat-loeftestropper","7":"desktop-align-left","8":"tablet-align-left","9":"mobile-align-left","11":"first","12":"instock","13":"shipping-taxable","14":"purchasable","15":"product-type-variable"},"_links":{"self":[{"href":"https:\/\/agonlifting.com\/da\/wp-json\/wp\/v2\/product\/292","targetHints":{"allow":["GET"]}}],"collection":[{"href":"https:\/\/agonlifting.com\/da\/wp-json\/wp\/v2\/product"}],"about":[{"href":"https:\/\/agonlifting.com\/da\/wp-json\/wp\/v2\/types\/product"}],"wp:featuredmedia":[{"embeddable":true,"href":"https:\/\/agonlifting.com\/da\/wp-json\/wp\/v2\/media\/4950"}],"wp:attachment":[{"href":"https:\/\/agonlifting.com\/da\/wp-json\/wp\/v2\/media?parent=292"}],"wp:term":[{"taxonomy":"product_brand","embeddable":true,"href":"https:\/\/agonlifting.com\/da\/wp-json\/wp\/v2\/product_brand?post=292"},{"taxonomy":"product_cat","embeddable":true,"href":"https:\/\/agonlifting.com\/da\/wp-json\/wp\/v2\/product_cat?post=292"},{"taxonomy":"product_tag","embeddable":true,"href":"https:\/\/agonlifting.com\/da\/wp-json\/wp\/v2\/product_tag?post=292"}],"curies":[{"name":"wp","href":"https:\/\/api.w.org\/{rel}","templated":true}]}}