{"id":369,"date":"2021-09-08T15:50:36","date_gmt":"2021-09-08T13:50:36","guid":{"rendered":"https:\/\/agonlifting.com\/?post_type=product&#038;p=369"},"modified":"2023-12-05T09:25:54","modified_gmt":"2023-12-05T08:25:54","slug":"professionel-surring","status":"publish","type":"product","link":"https:\/\/agonlifting.com\/da\/vare\/professionel-surring\/","title":{"rendered":"Professionel surringer"},"content":{"rendered":"<p>AGON\u00ae har v\u00e6ret synonym for produktionsekspertise gennem mere end 20 \u00e5r. Vi har opbygget en \u201dsecond to none\u201d kvalitetsstyring i alle led, og kvaliteten dokumenteres i pr\u00f8vningscertifikater og f\u00f8lger med produktet helt frem til brugsstedet via vores unikke QR dokumentationssystem.<\/p>\n<p>Flere af vore produkter er egenudviklede og beskyttet mod kopiering. Derfor stoler vore kunder p\u00e5 varem\u00e6rket AGON\u00ae.<\/p>\n","protected":false},"excerpt":{"rendered":"<p>AGON\u00ae er en af de mest p\u00e5lidelige leverand\u00f8rer af surringer, vi leverer den bedste kvalitet til nok markeds bedste pris.<\/p>\n<p>Vi er eksperter inden for surringer i 5 tons klassen, som er robuste, kraftige og nemme at betjene. De kan leveres med b\u00e5de standard h\u00e5nd eller <strong><a href=\"https:\/\/agonlifting.com\/da\/vare\/professionel-surring-ergo-grip\/\" target=\"_blank\" rel=\"noopener\">AGON ergo h\u00e5ndtag<\/a><\/strong>.<\/p>\n<p>Vores standard lager surring har farven orange som tydeligt kan ses. Andre farver er ogs\u00e5 muligt, dog ved l\u00e6ngere leveringstid.<\/p>\n<p>N\u00e5r du k\u00f8ber surringer hos AGON\u00ae f\u00e5r du som kunde automatisk adgang til vores AGON\u00ae <strong><a href=\"https:\/\/agonlifting.com\/da\/cases\/agon-all-inclusive\/\" target=\"_blank\" rel=\"noopener\">ALL INCLUSIVE service. L\u00e6s mere om den her.<\/a><\/strong><\/p>\n<p>Har du specielle krav eller \u00f8nsker til produktet kan vi ogs\u00e5 hj\u00e6lpe med det. <a href=\"https:\/\/agonlifting.com\/da\/kontakt\/\" target=\"_blank\" rel=\"noopener\"><strong>Kontakt os her og vil hj\u00e6lper dig p\u00e5 vej &gt;&gt;<\/strong><\/a><\/p>\n","protected":false},"featured_media":4961,"template":"","meta":{"site-sidebar-layout":"default","site-content-layout":"default","ast-site-content-layout":"default","site-content-style":"default","site-sidebar-style":"default","ast-global-header-display":"","ast-banner-title-visibility":"","ast-main-header-display":"","ast-hfb-above-header-display":"","ast-hfb-below-header-display":"","ast-hfb-mobile-header-display":"","site-post-title":"","ast-breadcrumbs-content":"","ast-featured-img":"","footer-sml-layout":"","ast-disable-related-posts":"","theme-transparent-header-meta":"default","adv-header-id-meta":"","stick-header-meta":"","header-above-stick-meta":"","header-main-stick-meta":"","header-below-stick-meta":"","astra-migrate-meta-layouts":"set","ast-page-background-enabled":"default","ast-page-background-meta":{"desktop":{"background-color":"var(--ast-global-color-4)","background-image":"","background-repeat":"repeat","background-position":"center center","background-size":"auto","background-attachment":"scroll","background-type":"","background-media":"","overlay-type":"","overlay-color":"","overlay-opacity":"","overlay-gradient":""},"tablet":{"background-color":"","background-image":"","background-repeat":"repeat","background-position":"center center","background-size":"auto","background-attachment":"scroll","background-type":"","background-media":"","overlay-type":"","overlay-color":"","overlay-opacity":"","overlay-gradient":""},"mobile":{"background-color":"","background-image":"","background-repeat":"repeat","background-position":"center center","background-size":"auto","background-attachment":"scroll","background-type":"","background-media":"","overlay-type":"","overlay-color":"","overlay-opacity":"","overlay-gradient":""}},"ast-content-background-meta":{"desktop":{"background-color":"var(--ast-global-color-5)","background-image":"","background-repeat":"repeat","background-position":"center center","background-size":"auto","background-attachment":"scroll","background-type":"","background-media":"","overlay-type":"","overlay-color":"","overlay-opacity":"","overlay-gradient":""},"tablet":{"background-color":"var(--ast-global-color-5)","background-image":"","background-repeat":"repeat","background-position":"center center","background-size":"auto","background-attachment":"scroll","background-type":"","background-media":"","overlay-type":"","overlay-color":"","overlay-opacity":"","overlay-gradient":""},"mobile":{"background-color":"var(--ast-global-color-5)","background-image":"","background-repeat":"repeat","background-position":"center center","background-size":"auto","background-attachment":"scroll","background-type":"","background-media":"","overlay-type":"","overlay-color":"","overlay-opacity":"","overlay-gradient":""}}},"product_brand":[],"product_cat":[23],"product_tag":[],"class_list":{"0":"post-369","1":"product","2":"type-product","3":"status-publish","4":"has-post-thumbnail","6":"product_cat-lastsikring","7":"desktop-align-left","8":"tablet-align-left","9":"mobile-align-left","11":"first","12":"instock","13":"shipping-taxable","14":"purchasable","15":"product-type-variable"},"_links":{"self":[{"href":"https:\/\/agonlifting.com\/da\/wp-json\/wp\/v2\/product\/369","targetHints":{"allow":["GET"]}}],"collection":[{"href":"https:\/\/agonlifting.com\/da\/wp-json\/wp\/v2\/product"}],"about":[{"href":"https:\/\/agonlifting.com\/da\/wp-json\/wp\/v2\/types\/product"}],"wp:featuredmedia":[{"embeddable":true,"href":"https:\/\/agonlifting.com\/da\/wp-json\/wp\/v2\/media\/4961"}],"wp:attachment":[{"href":"https:\/\/agonlifting.com\/da\/wp-json\/wp\/v2\/media?parent=369"}],"wp:term":[{"taxonomy":"product_brand","embeddable":true,"href":"https:\/\/agonlifting.com\/da\/wp-json\/wp\/v2\/product_brand?post=369"},{"taxonomy":"product_cat","embeddable":true,"href":"https:\/\/agonlifting.com\/da\/wp-json\/wp\/v2\/product_cat?post=369"},{"taxonomy":"product_tag","embeddable":true,"href":"https:\/\/agonlifting.com\/da\/wp-json\/wp\/v2\/product_tag?post=369"}],"curies":[{"name":"wp","href":"https:\/\/api.w.org\/{rel}","templated":true}]}}