{"id":3746,"date":"2022-11-13T22:26:52","date_gmt":"2022-11-18T14:00:11","guid":{"rendered":"https:\/\/agonlifting.com\/product\/indvendig-coil-gripper\/"},"modified":"2022-12-11T23:50:07","modified_gmt":"2022-12-11T22:50:07","slug":"indvendig-coil-gripper","status":"publish","type":"product","link":"https:\/\/agonlifting.com\/da\/vare\/indvendig-coil-gripper\/","title":{"rendered":"Indvendig coil gripper"},"content":{"rendered":"<p>Se vores coil gripper i aktion<\/p>\n<div class=\"ast-oembed-container \" style=\"height: 100%;\"><iframe title=\"AGON Inside coil gripper\" width=\"500\" height=\"281\" src=\"https:\/\/www.youtube.com\/embed\/eKq-MChzlrI?feature=oembed\" frameborder=\"0\" allow=\"accelerometer; autoplay; clipboard-write; encrypted-media; gyroscope; picture-in-picture; web-share\" referrerpolicy=\"strict-origin-when-cross-origin\" allowfullscreen><\/iframe><\/div>\n","protected":false},"excerpt":{"rendered":"<p>AGON Engineerings indvendige coil gripper er et unikt stykke udstyr! Igen levere AGON Engineering et v\u00e6rkt\u00f8j der forbedrer sikkerheden for dine arbejdere og forbedrer din produktionseffektivitet.<\/p>\n<p>Gripperen er forsynet med gummipuder, der griber spolen indefra. Det unikke design af puderne sikrer h\u00f8j grebssikkerhed og beskytter st\u00e5lb\u00e5ndene mod skader. P\u00e5 grund af puderne kan gripperen gribe hvor som helst i spolen, hvilket resulterer i en hurtig og effektiv arbejdsgang for kranf\u00f8reren og den efterf\u00f8lgende processering.<\/p>\n<p>Den viste gripper er designet til WLL p\u00e5 6 tons. Hvis dine coils er af en anden st\u00f8rrelse, kan vi nemt konfigurere vores v\u00e6rkt\u00f8j til at matche dine behov!.. <a href=\"https:\/\/agonlifting.com\/da\/kontakt\/\">Kontakt os hvis du har specifikke behov.<\/a><\/p>\n<p>Gripperen er konstrueret med p\u00e5lidelighed, brugervenlighed og lang levetid i tankerne. Alt sammen verificeret igennem omfattende brugstest i ekstreme vejrforhold. Et kvalitetsprodukt!<\/p>\n<p>Gripperen leveres CE m\u00e6rket og er designet samt testet i henhold til g\u00e6ldende EU-standarder.<\/p>\n<p><img fetchpriority=\"high\" decoding=\"async\" class=\"alignnone size-medium wp-image-3743\" src=\"https:\/\/agonlifting.com\/wp-content\/uploads\/1541001002_Dim-500x237.jpg\" alt=\"\" width=\"500\" height=\"237\" srcset=\"https:\/\/agonlifting.com\/wp-content\/uploads\/1541001002_Dim-500x237.jpg 500w, https:\/\/agonlifting.com\/wp-content\/uploads\/1541001002_Dim-768x363.jpg 768w, https:\/\/agonlifting.com\/wp-content\/uploads\/1541001002_Dim-600x284.jpg 600w, https:\/\/agonlifting.com\/wp-content\/uploads\/1541001002_Dim.jpg 1205w\" sizes=\"(max-width: 500px) 100vw, 500px\" \/><\/p>\n<p>F\u00f8lgende tilbeh\u00f8r er tilg\u00e6ngeligt til gripperen:<\/p>\n<ul>\n<li><a href=\"https:\/\/agonlifting.com\/product\/cover-for-coil-gripper\/\" target=\"_blank\" rel=\"noopener\">Cover til gripper<\/a><\/li>\n<\/ul>\n<p>&nbsp;<\/p>\n","protected":false},"featured_media":3734,"template":"","meta":{"site-sidebar-layout":"default","site-content-layout":"default","ast-site-content-layout":"default","site-content-style":"default","site-sidebar-style":"default","ast-global-header-display":"","ast-banner-title-visibility":"","ast-main-header-display":"","ast-hfb-above-header-display":"","ast-hfb-below-header-display":"","ast-hfb-mobile-header-display":"","site-post-title":"","ast-breadcrumbs-content":"","ast-featured-img":"","footer-sml-layout":"","ast-disable-related-posts":"","theme-transparent-header-meta":"default","adv-header-id-meta":"","stick-header-meta":"","header-above-stick-meta":"","header-main-stick-meta":"","header-below-stick-meta":"","astra-migrate-meta-layouts":"default","ast-page-background-enabled":"default","ast-page-background-meta":{"desktop":{"background-color":"var(--ast-global-color-4)","background-image":"","background-repeat":"repeat","background-position":"center center","background-size":"auto","background-attachment":"scroll","background-type":"","background-media":"","overlay-type":"","overlay-color":"","overlay-opacity":"","overlay-gradient":""},"tablet":{"background-color":"","background-image":"","background-repeat":"repeat","background-position":"center center","background-size":"auto","background-attachment":"scroll","background-type":"","background-media":"","overlay-type":"","overlay-color":"","overlay-opacity":"","overlay-gradient":""},"mobile":{"background-color":"","background-image":"","background-repeat":"repeat","background-position":"center center","background-size":"auto","background-attachment":"scroll","background-type":"","background-media":"","overlay-type":"","overlay-color":"","overlay-opacity":"","overlay-gradient":""}},"ast-content-background-meta":{"desktop":{"background-color":"var(--ast-global-color-5)","background-image":"","background-repeat":"repeat","background-position":"center center","background-size":"auto","background-attachment":"scroll","background-type":"","background-media":"","overlay-type":"","overlay-color":"","overlay-opacity":"","overlay-gradient":""},"tablet":{"background-color":"var(--ast-global-color-5)","background-image":"","background-repeat":"repeat","background-position":"center center","background-size":"auto","background-attachment":"scroll","background-type":"","background-media":"","overlay-type":"","overlay-color":"","overlay-opacity":"","overlay-gradient":""},"mobile":{"background-color":"var(--ast-global-color-5)","background-image":"","background-repeat":"repeat","background-position":"center center","background-size":"auto","background-attachment":"scroll","background-type":"","background-media":"","overlay-type":"","overlay-color":"","overlay-opacity":"","overlay-gradient":""}}},"product_brand":[],"product_cat":[25],"product_tag":[203,201,202],"class_list":{"0":"post-3746","1":"product","2":"type-product","3":"status-publish","4":"has-post-thumbnail","6":"product_cat-vaerktoej","7":"product_tag-agongroup-da","8":"product_tag-coilgripper-da","9":"product_tag-coillifting-da","10":"desktop-align-left","11":"tablet-align-left","12":"mobile-align-left","14":"first","15":"instock","16":"shipping-taxable","17":"purchasable","18":"product-type-simple"},"_links":{"self":[{"href":"https:\/\/agonlifting.com\/da\/wp-json\/wp\/v2\/product\/3746","targetHints":{"allow":["GET"]}}],"collection":[{"href":"https:\/\/agonlifting.com\/da\/wp-json\/wp\/v2\/product"}],"about":[{"href":"https:\/\/agonlifting.com\/da\/wp-json\/wp\/v2\/types\/product"}],"wp:featuredmedia":[{"embeddable":true,"href":"https:\/\/agonlifting.com\/da\/wp-json\/wp\/v2\/media\/3734"}],"wp:attachment":[{"href":"https:\/\/agonlifting.com\/da\/wp-json\/wp\/v2\/media?parent=3746"}],"wp:term":[{"taxonomy":"product_brand","embeddable":true,"href":"https:\/\/agonlifting.com\/da\/wp-json\/wp\/v2\/product_brand?post=3746"},{"taxonomy":"product_cat","embeddable":true,"href":"https:\/\/agonlifting.com\/da\/wp-json\/wp\/v2\/product_cat?post=3746"},{"taxonomy":"product_tag","embeddable":true,"href":"https:\/\/agonlifting.com\/da\/wp-json\/wp\/v2\/product_tag?post=3746"}],"curies":[{"name":"wp","href":"https:\/\/api.w.org\/{rel}","templated":true}]}}