{"id":380,"date":"2021-09-08T17:37:02","date_gmt":"2021-09-08T15:37:02","guid":{"rendered":"https:\/\/agonlifting.com\/?post_type=product&#038;p=380"},"modified":"2022-08-18T18:39:18","modified_gmt":"2022-08-18T16:39:18","slug":"agon-extra-durable-big-bags","status":"publish","type":"product","link":"https:\/\/agonlifting.com\/da\/vare\/agon-extra-durable-big-bags\/","title":{"rendered":"Big bags (AGON extra durable)"},"content":{"rendered":"<p>AGON\u00ae har v\u00e6ret synonym med produktionsekspertise gennem mere end 20 \u00e5r.<\/p>\n<p>Vi s\u00f8ger ikke kun at levere big bag&#8217;en alene, men ogs\u00e5 l\u00f8sninger og systemer som hj\u00e6lper dig som kunde med at blive mere effektive og produktive. L\u00e6s blandt andet vores <strong><a href=\"https:\/\/agonlifting.com\/da\/cases\/fra-paller-til-big-bags\/\">artikel<\/a><\/strong> omkring overgangen fra <strong><a href=\"https:\/\/agonlifting.com\/da\/cases\/fra-paller-til-big-bags\/\">traditionelle paller til big bags<\/a><\/strong> som for AGON\u00ae er en klar &#8220;no-brainer&#8221;.<\/p>\n<p>Derfor har vi ogs\u00e5 udviklet specifikke produkter som underst\u00f8tter brugen af big bags. Se mere her:<\/p>\n<ul>\n<li><a href=\"https:\/\/agonlifting.com\/da\/vare\/flytbar-holder-til-big-bags\/\">BIG BAG holder<\/a><\/li>\n<li><a href=\"https:\/\/agonlifting.com\/da\/vare\/stigboejle-transportoer\/\">Stirrup transport\u00f8r<\/a><\/li>\n<\/ul>\n<p>&nbsp;<\/p>\n<p>Direkte link til relevante vejledninger:<\/p>\n<ul>\n<li><a href=\"https:\/\/agonlifting.com\/da\/dokument\/brugsanvisning-for-agon-big-bags-fibc\/\" target=\"_blank\" rel=\"noopener\">Brugsanvisning for AGON big bags (FIBC)<\/a><\/li>\n<\/ul>\n","protected":false},"excerpt":{"rendered":"<p>AGON\u00ae er en af de mest p\u00e5lidelige FIBC-leverand\u00f8rer og dermed dit foretrukne valg af leverand\u00f8r. Hos os ved du at varen kommer til tiden og at varen er af h\u00f8jeste kvalitet.<\/p>\n<p>Herunder finde du nogle af de standard st\u00f8rrelser af big bags vi kan levere fra lager. Hvis du s\u00f8ger andre st\u00f8rrelse, udformning eller har specielle krav kan vi ogs\u00e5 hj\u00e6lpe dig med det!<\/p>\n<p>L\u00e6s vores <strong><a href=\"https:\/\/agonlifting.com\/da\/cases\/vaelg-den-rette-big-bag\/\">guide<\/a><\/strong> til hvordan du v\u00e6lger den rigtige big bag <strong><a href=\"https:\/\/agonlifting.com\/da\/cases\/vaelg-den-rette-big-bag\/\">her<\/a><\/strong>.<\/p>\n<p>Har du specielle krav eller \u00f8nsker til produktet kan vi ogs\u00e5 hj\u00e6lpe med det. <strong><a href=\"https:\/\/agonlifting.com\/da\/kontakt\/\">Kontakt os her og vil hj\u00e6lper dig p\u00e5 vej &gt;&gt;<\/a><\/strong><\/p>\n","protected":false},"featured_media":1349,"template":"","meta":{"site-sidebar-layout":"default","site-content-layout":"default","ast-site-content-layout":"default","site-content-style":"default","site-sidebar-style":"default","ast-global-header-display":"","ast-banner-title-visibility":"","ast-main-header-display":"","ast-hfb-above-header-display":"","ast-hfb-below-header-display":"","ast-hfb-mobile-header-display":"","site-post-title":"","ast-breadcrumbs-content":"","ast-featured-img":"","footer-sml-layout":"","ast-disable-related-posts":"","theme-transparent-header-meta":"default","adv-header-id-meta":"","stick-header-meta":"","header-above-stick-meta":"","header-main-stick-meta":"","header-below-stick-meta":"","astra-migrate-meta-layouts":"default","ast-page-background-enabled":"default","ast-page-background-meta":{"desktop":{"background-color":"var(--ast-global-color-4)","background-image":"","background-repeat":"repeat","background-position":"center center","background-size":"auto","background-attachment":"scroll","background-type":"","background-media":"","overlay-type":"","overlay-color":"","overlay-opacity":"","overlay-gradient":""},"tablet":{"background-color":"","background-image":"","background-repeat":"repeat","background-position":"center center","background-size":"auto","background-attachment":"scroll","background-type":"","background-media":"","overlay-type":"","overlay-color":"","overlay-opacity":"","overlay-gradient":""},"mobile":{"background-color":"","background-image":"","background-repeat":"repeat","background-position":"center center","background-size":"auto","background-attachment":"scroll","background-type":"","background-media":"","overlay-type":"","overlay-color":"","overlay-opacity":"","overlay-gradient":""}},"ast-content-background-meta":{"desktop":{"background-color":"var(--ast-global-color-5)","background-image":"","background-repeat":"repeat","background-position":"center center","background-size":"auto","background-attachment":"scroll","background-type":"","background-media":"","overlay-type":"","overlay-color":"","overlay-opacity":"","overlay-gradient":""},"tablet":{"background-color":"var(--ast-global-color-5)","background-image":"","background-repeat":"repeat","background-position":"center center","background-size":"auto","background-attachment":"scroll","background-type":"","background-media":"","overlay-type":"","overlay-color":"","overlay-opacity":"","overlay-gradient":""},"mobile":{"background-color":"var(--ast-global-color-5)","background-image":"","background-repeat":"repeat","background-position":"center center","background-size":"auto","background-attachment":"scroll","background-type":"","background-media":"","overlay-type":"","overlay-color":"","overlay-opacity":"","overlay-gradient":""}}},"product_brand":[],"product_cat":[24],"product_tag":[],"class_list":{"0":"post-380","1":"product","2":"type-product","3":"status-publish","4":"has-post-thumbnail","6":"product_cat-big-bags-da","7":"desktop-align-left","8":"tablet-align-left","9":"mobile-align-left","11":"first","12":"instock","13":"shipping-taxable","14":"purchasable","15":"product-type-variable"},"_links":{"self":[{"href":"https:\/\/agonlifting.com\/da\/wp-json\/wp\/v2\/product\/380","targetHints":{"allow":["GET"]}}],"collection":[{"href":"https:\/\/agonlifting.com\/da\/wp-json\/wp\/v2\/product"}],"about":[{"href":"https:\/\/agonlifting.com\/da\/wp-json\/wp\/v2\/types\/product"}],"wp:featuredmedia":[{"embeddable":true,"href":"https:\/\/agonlifting.com\/da\/wp-json\/wp\/v2\/media\/1349"}],"wp:attachment":[{"href":"https:\/\/agonlifting.com\/da\/wp-json\/wp\/v2\/media?parent=380"}],"wp:term":[{"taxonomy":"product_brand","embeddable":true,"href":"https:\/\/agonlifting.com\/da\/wp-json\/wp\/v2\/product_brand?post=380"},{"taxonomy":"product_cat","embeddable":true,"href":"https:\/\/agonlifting.com\/da\/wp-json\/wp\/v2\/product_cat?post=380"},{"taxonomy":"product_tag","embeddable":true,"href":"https:\/\/agonlifting.com\/da\/wp-json\/wp\/v2\/product_tag?post=380"}],"curies":[{"name":"wp","href":"https:\/\/api.w.org\/{rel}","templated":true}]}}