{"id":5297,"date":"2024-05-01T09:28:34","date_gmt":"2024-05-01T07:28:34","guid":{"rendered":"https:\/\/agonlifting.com\/?post_type=product&#038;p=5297"},"modified":"2026-01-12T14:29:58","modified_gmt":"2026-01-12T13:29:58","slug":"flytbar-holder-til-big-bags-copy","status":"publish","type":"product","link":"https:\/\/agonlifting.com\/da\/vare\/flytbar-holder-til-big-bags-copy\/","title":{"rendered":"Flytbar holder til Big Bag&#8217;s (Copy)"},"content":{"rendered":"<p>AGON\u00ae har v\u00e6ret synonymt med produktionsekspertise i mere end 20 \u00e5r.<\/p>\n<p>Vi s\u00f8ger ikke kun at levere den store taske alene, men ogs\u00e5 l\u00f8sninger og systemer, der hj\u00e6lper dig som kunde med at blive mere effektiv og produktiv. L\u00e6s blandt andet vores <strong><a href=\"https:\/\/agonlifting.com\/da\/referencer\/fra-paller-til-big-bags\/\">artikel<\/a><\/strong> om overgangen fra <strong><a href=\"https:\/\/agonlifting.com\/da\/referencer\/fra-paller-til-big-bags\/\">traditionelle paller til big bags<\/a><\/strong> som for AGON\u00ae er en klar \u201cno-brainer\u201d.<\/p>\n<p>Derfor har vi ogs\u00e5 udviklet specifikke produkter, der underst\u00f8tter brugen af big bags. Se mere her:<\/p>\n<ul>\n<li><a href=\"https:\/\/agonlifting.com\/da\/vare\/big-bag-holder\/\">BIG BAG holder<\/a><\/li>\n<li><a href=\"https:\/\/agonlifting.com\/da\/vare\/stigboejle-transportoer\/\">Stigb\u00f8jle transport\u00f8r<\/a><\/li>\n<\/ul>\n<p>&nbsp;<\/p>\n<p>Direkte link til relevante vejledninger:<\/p>\n<ul>\n<li><a href=\"https:\/\/agonlifting.com\/da\/dokument\/brugsanvisning-for-agon-big-bags-fibc\/\" target=\"_blank\" rel=\"noopener\">Brugsanvisning til AGON big bags (FIBC)<\/a><\/li>\n<\/ul>\n","protected":false},"excerpt":{"rendered":"<p>For at g\u00f8re intern transport let for vores kunder, har AGON\u00ae Engineering udviklet denne bev\u00e6gelige big bag-st\u00f8tte, der er i stand til at b\u00e6re en belastning p\u00e5 1000 kg. Den bev\u00e6gelige big bag-st\u00f8tte f\u00e5s i mange st\u00f8rrelser og kan ogs\u00e5 laves i brugerdefinerede st\u00f8rrelser, der passer til enhver <strong><a href=\"https:\/\/agonlifting.com\/da\/vare\/agon-extra-durable-big-bags\/\">big bag<\/a><\/strong>.<\/p>\n<p>Supportfunktionerne:<\/p>\n<ul>\n<li>Lav byggeh\u00f8jde for optimal udnyttelse af pladsen mellem b\u00f8jning og gulv<\/li>\n<li>Easy-release big bag \u00f8jenfiksering med h\u00f8jdejusterbarhed<\/li>\n<li>Tr\u00e6bundplade for h\u00f8j holdbarhed og lydreduktion<\/li>\n<li>Kraftig byggekvalitet<\/li>\n<li><span style=\"font-size: 16px;\">Udstyret med slidst\u00e6rke h\u00f8jkvalitets hjul<\/span><\/li>\n<\/ul>\n<p>Send en foresp\u00f8rgsel p\u00e5 en bestemt st\u00f8rrelse, s\u00e5 vender vi tilbage med et tilbud.<\/p>\n<p>&nbsp;<\/p>\n","protected":false},"featured_media":5702,"template":"","meta":{"site-sidebar-layout":"default","site-content-layout":"default","ast-site-content-layout":"default","site-content-style":"default","site-sidebar-style":"default","ast-global-header-display":"","ast-banner-title-visibility":"","ast-main-header-display":"","ast-hfb-above-header-display":"","ast-hfb-below-header-display":"","ast-hfb-mobile-header-display":"","site-post-title":"","ast-breadcrumbs-content":"","ast-featured-img":"","footer-sml-layout":"","ast-disable-related-posts":"","theme-transparent-header-meta":"default","adv-header-id-meta":"","stick-header-meta":"","header-above-stick-meta":"","header-main-stick-meta":"","header-below-stick-meta":"","astra-migrate-meta-layouts":"set","ast-page-background-enabled":"default","ast-page-background-meta":{"desktop":{"background-color":"var(--ast-global-color-4)","background-image":"","background-repeat":"repeat","background-position":"center center","background-size":"auto","background-attachment":"scroll","background-type":"","background-media":"","overlay-type":"","overlay-color":"","overlay-opacity":"","overlay-gradient":""},"tablet":{"background-color":"","background-image":"","background-repeat":"repeat","background-position":"center center","background-size":"auto","background-attachment":"scroll","background-type":"","background-media":"","overlay-type":"","overlay-color":"","overlay-opacity":"","overlay-gradient":""},"mobile":{"background-color":"","background-image":"","background-repeat":"repeat","background-position":"center center","background-size":"auto","background-attachment":"scroll","background-type":"","background-media":"","overlay-type":"","overlay-color":"","overlay-opacity":"","overlay-gradient":""}},"ast-content-background-meta":{"desktop":{"background-color":"var(--ast-global-color-5)","background-image":"","background-repeat":"repeat","background-position":"center center","background-size":"auto","background-attachment":"scroll","background-type":"","background-media":"","overlay-type":"","overlay-color":"","overlay-opacity":"","overlay-gradient":""},"tablet":{"background-color":"var(--ast-global-color-5)","background-image":"","background-repeat":"repeat","background-position":"center center","background-size":"auto","background-attachment":"scroll","background-type":"","background-media":"","overlay-type":"","overlay-color":"","overlay-opacity":"","overlay-gradient":""},"mobile":{"background-color":"var(--ast-global-color-5)","background-image":"","background-repeat":"repeat","background-position":"center center","background-size":"auto","background-attachment":"scroll","background-type":"","background-media":"","overlay-type":"","overlay-color":"","overlay-opacity":"","overlay-gradient":""}}},"product_brand":[],"product_cat":[24,25],"product_tag":[203],"class_list":{"0":"post-5297","1":"product","2":"type-product","3":"status-publish","4":"has-post-thumbnail","6":"product_cat-big-bags-da","7":"product_cat-vaerktoej","8":"product_tag-agongroup-da","9":"desktop-align-left","10":"tablet-align-left","11":"mobile-align-left","13":"first","14":"instock","15":"shipping-taxable","16":"purchasable","17":"product-type-simple"},"_links":{"self":[{"href":"https:\/\/agonlifting.com\/da\/wp-json\/wp\/v2\/product\/5297","targetHints":{"allow":["GET"]}}],"collection":[{"href":"https:\/\/agonlifting.com\/da\/wp-json\/wp\/v2\/product"}],"about":[{"href":"https:\/\/agonlifting.com\/da\/wp-json\/wp\/v2\/types\/product"}],"wp:featuredmedia":[{"embeddable":true,"href":"https:\/\/agonlifting.com\/da\/wp-json\/wp\/v2\/media\/5702"}],"wp:attachment":[{"href":"https:\/\/agonlifting.com\/da\/wp-json\/wp\/v2\/media?parent=5297"}],"wp:term":[{"taxonomy":"product_brand","embeddable":true,"href":"https:\/\/agonlifting.com\/da\/wp-json\/wp\/v2\/product_brand?post=5297"},{"taxonomy":"product_cat","embeddable":true,"href":"https:\/\/agonlifting.com\/da\/wp-json\/wp\/v2\/product_cat?post=5297"},{"taxonomy":"product_tag","embeddable":true,"href":"https:\/\/agonlifting.com\/da\/wp-json\/wp\/v2\/product_tag?post=5297"}],"curies":[{"name":"wp","href":"https:\/\/api.w.org\/{rel}","templated":true}]}}