{"id":989,"date":"2021-11-04T22:44:51","date_gmt":"2021-11-04T21:44:51","guid":{"rendered":"https:\/\/agonlifting.com\/?post_type=product&#038;p=989"},"modified":"2022-08-18T19:14:08","modified_gmt":"2022-08-18T17:14:08","slug":"big-bag-holder","status":"publish","type":"product","link":"https:\/\/agonlifting.com\/da\/vare\/big-bag-holder\/","title":{"rendered":"Big bag holder"},"content":{"rendered":"<h3>Se produktvideoen for vores big bag holder herunder<\/h3>\n<div class=\"ast-oembed-container \" style=\"height: 100%;\"><iframe title=\"AGON BIG BAG Holder - Product Introduction\" width=\"500\" height=\"281\" src=\"https:\/\/www.youtube.com\/embed\/GzKHW8oH0TM?start=1&#038;feature=oembed\" frameborder=\"0\" allow=\"accelerometer; autoplay; clipboard-write; encrypted-media; gyroscope; picture-in-picture; web-share\" referrerpolicy=\"strict-origin-when-cross-origin\" allowfullscreen><\/iframe><\/div>\n","protected":false},"excerpt":{"rendered":"<p>AGON\u00ae Engineerings big bag holder giver dig et enkelt, men effektivt v\u00e6rkt\u00f8j til brug af big bags i din produktion. <span class=\"JLqJ4b ChMk0b\" style=\"font-size: 16px;\" data-language-for-alternatives=\"da\" data-language-to-translate-into=\"en\" data-phrase-index=\"1\" data-number-of-phrases=\"14\">Ved at kombinere big bags med den traditionelle EURO palle har AGON\u00ae lavet et unikt setup. Big bag&#8217;en giver dig en billig beholder til dine produkter, og EURO-pallen sikrer nem intern h\u00e5ndtering med f.eks. gaffeltruck. Det betyder, at alle dine eksisterende h\u00e5ndteringsv\u00e6rkt\u00f8jer kan genbruges. Ved l\u00e6sning p\u00e5 lastbilen er det kun big bag&#8217;en der bliver l\u00e6sset. Pallen tilbage p\u00e5 produktionsstedet og bruges kun som et internt transportv\u00e6rkt\u00f8j. Dermed kan der spares mange penge p\u00e5 pallereturnering, intern logistrik, fakturering mm. i forbindelse med returnering af paller og pallerammer. L\u00e6s mere om vores unikke <strong><a href=\"https:\/\/agonlifting.com\/da\/cases\/fra-paller-til-big-bags\/\">&#8220;fra paller til big bags&#8221;-setup her<\/a><\/strong>.<\/span><\/p>\n<p>Big bag holderen er selvf\u00f8lgelig beregnet til at holde big bag&#8217;en \u00e5ben mens denne fyldes. Holderens unikke fjederbelastede l\u00e5s g\u00f8r det ogs\u00e5 muligt at l\u00e5se holderen til pallen og sikre en korrekt ergonomisk arbejdsh\u00f8jde for operat\u00f8r hvis posen l\u00e6sses manuel. Big bag holderen kan ogs\u00e5 bruges i kombination med vores <a href=\"https:\/\/agonlifting.com\/da\/vare\/stigboejle-transportoer\/\"><strong>Stirrup conveyor<\/strong><\/a> hvormed der kan opn\u00e5s automatisk fyldning af big bags.<\/p>\n<p>Til vores big bag holder har vi udviklet <strong><a href=\"https:\/\/agonlifting.com\/da\/vare\/agon-extra-durable-big-bags\/\">special poser<\/a><\/strong> med m\u00e5lene 120x80x50cm (fuld st\u00f8rrelse EURO-palle) og 60x80x50cm (halv st\u00f8rrelse EURO-palle).<\/p>\n","protected":false},"featured_media":996,"template":"","meta":{"site-sidebar-layout":"default","site-content-layout":"default","ast-site-content-layout":"default","site-content-style":"default","site-sidebar-style":"default","ast-global-header-display":"","ast-banner-title-visibility":"","ast-main-header-display":"","ast-hfb-above-header-display":"","ast-hfb-below-header-display":"","ast-hfb-mobile-header-display":"","site-post-title":"","ast-breadcrumbs-content":"","ast-featured-img":"","footer-sml-layout":"","ast-disable-related-posts":"","theme-transparent-header-meta":"default","adv-header-id-meta":"","stick-header-meta":"","header-above-stick-meta":"","header-main-stick-meta":"","header-below-stick-meta":"","astra-migrate-meta-layouts":"default","ast-page-background-enabled":"default","ast-page-background-meta":{"desktop":{"background-color":"var(--ast-global-color-4)","background-image":"","background-repeat":"repeat","background-position":"center center","background-size":"auto","background-attachment":"scroll","background-type":"","background-media":"","overlay-type":"","overlay-color":"","overlay-opacity":"","overlay-gradient":""},"tablet":{"background-color":"","background-image":"","background-repeat":"repeat","background-position":"center center","background-size":"auto","background-attachment":"scroll","background-type":"","background-media":"","overlay-type":"","overlay-color":"","overlay-opacity":"","overlay-gradient":""},"mobile":{"background-color":"","background-image":"","background-repeat":"repeat","background-position":"center center","background-size":"auto","background-attachment":"scroll","background-type":"","background-media":"","overlay-type":"","overlay-color":"","overlay-opacity":"","overlay-gradient":""}},"ast-content-background-meta":{"desktop":{"background-color":"var(--ast-global-color-5)","background-image":"","background-repeat":"repeat","background-position":"center center","background-size":"auto","background-attachment":"scroll","background-type":"","background-media":"","overlay-type":"","overlay-color":"","overlay-opacity":"","overlay-gradient":""},"tablet":{"background-color":"var(--ast-global-color-5)","background-image":"","background-repeat":"repeat","background-position":"center center","background-size":"auto","background-attachment":"scroll","background-type":"","background-media":"","overlay-type":"","overlay-color":"","overlay-opacity":"","overlay-gradient":""},"mobile":{"background-color":"var(--ast-global-color-5)","background-image":"","background-repeat":"repeat","background-position":"center center","background-size":"auto","background-attachment":"scroll","background-type":"","background-media":"","overlay-type":"","overlay-color":"","overlay-opacity":"","overlay-gradient":""}}},"product_brand":[],"product_cat":[25],"product_tag":[],"class_list":{"0":"post-989","1":"product","2":"type-product","3":"status-publish","4":"has-post-thumbnail","6":"product_cat-vaerktoej","7":"desktop-align-left","8":"tablet-align-left","9":"mobile-align-left","11":"first","12":"instock","13":"purchasable","14":"product-type-simple"},"_links":{"self":[{"href":"https:\/\/agonlifting.com\/da\/wp-json\/wp\/v2\/product\/989","targetHints":{"allow":["GET"]}}],"collection":[{"href":"https:\/\/agonlifting.com\/da\/wp-json\/wp\/v2\/product"}],"about":[{"href":"https:\/\/agonlifting.com\/da\/wp-json\/wp\/v2\/types\/product"}],"wp:featuredmedia":[{"embeddable":true,"href":"https:\/\/agonlifting.com\/da\/wp-json\/wp\/v2\/media\/996"}],"wp:attachment":[{"href":"https:\/\/agonlifting.com\/da\/wp-json\/wp\/v2\/media?parent=989"}],"wp:term":[{"taxonomy":"product_brand","embeddable":true,"href":"https:\/\/agonlifting.com\/da\/wp-json\/wp\/v2\/product_brand?post=989"},{"taxonomy":"product_cat","embeddable":true,"href":"https:\/\/agonlifting.com\/da\/wp-json\/wp\/v2\/product_cat?post=989"},{"taxonomy":"product_tag","embeddable":true,"href":"https:\/\/agonlifting.com\/da\/wp-json\/wp\/v2\/product_tag?post=989"}],"curies":[{"name":"wp","href":"https:\/\/api.w.org\/{rel}","templated":true}]}}