{"id":3289,"date":"2022-06-20T09:44:40","date_gmt":"2022-06-20T07:44:40","guid":{"rendered":"https:\/\/agonlifting.com\/datenschutzerklaerung\/"},"modified":"2022-08-18T19:35:12","modified_gmt":"2022-08-18T17:35:12","slug":"datenschutzerklaerung","status":"publish","type":"page","link":"https:\/\/agonlifting.com\/de\/datenschutzerklaerung\/","title":{"rendered":"Datenschutzerkl\u00e4rung"},"content":{"rendered":"\t\t<div data-elementor-type=\"wp-page\" data-elementor-id=\"3289\" class=\"elementor elementor-3289 elementor-3\" data-elementor-post-type=\"page\">\n\t\t\t\t\t\t<section class=\"elementor-section elementor-top-section elementor-element elementor-element-e5b8cd9 elementor-section-height-min-height elementor-section-full_width elementor-section-height-default elementor-section-items-middle\" data-id=\"e5b8cd9\" data-element_type=\"section\" data-e-type=\"section\" data-settings=\"{&quot;background_background&quot;:&quot;classic&quot;}\">\n\t\t\t\t\t\t\t<div class=\"elementor-background-overlay\"><\/div>\n\t\t\t\t\t\t\t<div class=\"elementor-container elementor-column-gap-default\">\n\t\t\t\t\t<div class=\"elementor-column elementor-col-100 elementor-top-column elementor-element elementor-element-5ed0f34b\" data-id=\"5ed0f34b\" data-element_type=\"column\" data-e-type=\"column\">\n\t\t\t<div class=\"elementor-widget-wrap elementor-element-populated\">\n\t\t\t\t\t\t<section class=\"elementor-section elementor-inner-section elementor-element elementor-element-435afffb elementor-section-boxed elementor-section-height-default elementor-section-height-default\" data-id=\"435afffb\" data-element_type=\"section\" data-e-type=\"section\">\n\t\t\t\t\t\t<div class=\"elementor-container elementor-column-gap-default\">\n\t\t\t\t\t<div class=\"elementor-column elementor-col-100 elementor-inner-column elementor-element elementor-element-39e49917\" data-id=\"39e49917\" data-element_type=\"column\" data-e-type=\"column\">\n\t\t\t<div class=\"elementor-widget-wrap elementor-element-populated\">\n\t\t\t\t\t\t\t<\/div>\n\t\t<\/div>\n\t\t\t\t\t<\/div>\n\t\t<\/section>\n\t\t\t\t\t<\/div>\n\t\t<\/div>\n\t\t\t\t\t<\/div>\n\t\t<\/section>\n\t\t\t\t<section class=\"elementor-section elementor-top-section elementor-element elementor-element-52c5c614 elementor-section-height-min-height elementor-section-boxed elementor-section-height-default elementor-section-items-middle\" data-id=\"52c5c614\" data-element_type=\"section\" data-e-type=\"section\">\n\t\t\t\t\t\t<div class=\"elementor-container elementor-column-gap-default\">\n\t\t\t\t\t<div class=\"elementor-column elementor-col-100 elementor-top-column elementor-element elementor-element-3154dfdd\" data-id=\"3154dfdd\" data-element_type=\"column\" data-e-type=\"column\">\n\t\t\t<div class=\"elementor-widget-wrap elementor-element-populated\">\n\t\t\t\t\t\t<div class=\"elementor-element elementor-element-46af69ad elementor-widget elementor-widget-text-editor\" data-id=\"46af69ad\" data-element_type=\"widget\" data-e-type=\"widget\" data-widget_type=\"text-editor.default\">\n\t\t\t\t<div class=\"elementor-widget-container\">\n\t\t\t\t\t\t\t\t\t<p>Diese Datenschutzrichtlinie gilt f\u00fcr <strong>AGON A\/S<\/strong> (VAT: DK31889480) und ihre Tochtergesellschaft <strong>AGON Engineering A\/S<\/strong> (VAT: DK41445173), die im Folgenden gemeinsam als <strong>AGON LIFTING<\/strong> bezeichnet werden.<\/p><p>Unsere Datenschutzrichtlinie beschreibt, wie <strong>AGON LIFTING<\/strong> pers\u00f6nliche Daten im Zusammenhang mit dem Service f\u00fcr unsere Kunden sammelt und verarbeitet. Dabei kann es sich um Daten handeln, die im Rahmen des gew\u00f6hnlichen Schriftverkehrs, \u00fcber die Websites und den Internet-Shop <strong>von AGON LIFTING<\/strong>sowie im Zusammenhang mit dem Versand von E-Mails usw. erhoben und verarbeitet werden.<\/p><p>Wir verarbeiten die Informationen, die Sie uns zur Verf\u00fcgung stellen oder die wir sammeln, in \u00dcbereinstimmung mit den geltenden Vorschriften. Wir sind uns dar\u00fcber im Klaren, dass Ihre Daten mit Respekt vor der Vertraulichkeit der Daten und Ihrer Privatsph\u00e4re behandelt werden m\u00fcssen.<\/p><h4>Was sind pers\u00f6nliche Informationen?<\/h4><p><strong>AGON LIFTING<\/strong> ist der Datenverantwortliche f\u00fcr die Informationen, die wir von Ihnen oder \u00fcber Sie erhalten oder die wir im Zusammenhang mit der Erbringung unserer Dienstleistungen oder dem Verkauf von Produkten \u00fcber Sie erhalten.<\/p><p>Personenbezogene Daten sind alle Informationen, die sich auf eine identifizierte oder identifizierbare nat\u00fcrliche Person beziehen. Damit sind alle Arten von Informationen gemeint, die direkt oder indirekt mit einer Person in Verbindung gebracht werden k\u00f6nnen. Dabei kann es sich zum Beispiel um Vor- und Nachnamen, Wohnanschrift, E-Mail-Adresse oder andere Kontaktinformationen handeln, unabh\u00e4ngig davon, ob sie sich auf den Wohnort oder den Arbeitsplatz der Person beziehen. <\/p><p>In der Regel k\u00f6nnen Sie unsere Website nutzen, ohne uns mitzuteilen, wer Sie sind, oder anderweitig pers\u00f6nliche Informationen \u00fcber sich preiszugeben. Wenn Sie in unserem Online-Shop einkaufen oder eines unserer Online-Formulare ausf\u00fcllen, bitten wir Sie um die Eingabe pers\u00f6nlicher Daten, damit wir Sie bedienen k\u00f6nnen.<\/p><h4>Wie sammelt AGON LIFTING pers\u00f6nliche Daten?<\/h4><p>Zus\u00e4tzlich zu den oben genannten Informationen, die Sie selbst im Zusammenhang mit dem Kauf unserer Produkte, beim Ausf\u00fcllen von Formularen oder beim Abonnieren von z.B. Newslettern eingeben, kann <strong>AGON LIFTING<\/strong> pers\u00f6nliche Daten \u00fcber Sie auf verschiedene Weise sammeln, einschlie\u00dflich:<\/p><ul><li>Durch die Verwendung von Cookies auf der Website<\/li><li>indem Sie selbst Informationen zur Verf\u00fcgung stellen, zum Beispiel durch Beantwortung eines Fragebogens oder Ausf\u00fcllen eines Formulars auf der Website<\/li><li>Mit einem Einkauf in unserem Online-Shop<\/li><li>Indem Sie uns anrufen und uns bitten, eine Dienstleistung f\u00fcr Sie zu erbringen<\/li><li>Nutzung sozialer Medien wie Facebook und LinkedIn in Verbindung mit den Dienstleistungen <strong>von AGON LIFTING<\/strong>und\/oder Werbung, Tagging oder anderweitige Vermarktung oder Kommunikation mit <strong>AGON LIFTING<\/strong>.<\/li><\/ul><p>In diesem Zusammenhang kann <strong>AGON LIFTING<\/strong> unter anderem die folgenden personenbezogenen Daten erfassen:<\/p><ul><li>Ihr Name<\/li><li>Identifikations- und Kontaktangaben (Anschrift, Telefonnummer, E-Mail-Adresse)<\/li><li>IP-Adresse, Informationen \u00fcber das Betriebssystem Ihres Computers oder Mobilger\u00e4ts und den gew\u00e4hlten Browser<\/li><li>Online-Aktivit\u00e4ten auf der Website<\/li><li>Ihre Anfragen, das Ausf\u00fcllen von Formularen und andere Kommunikation mit <strong>AGON LIFTING<\/strong><\/li><li>Informationen \u00fcber Sie aus sozialen Medien, z. B. von Facebook<\/li><\/ul><p><strong>AGON LIFTING<\/strong> verarbeitet keine pers\u00f6nlichen Daten \u00fcber Sie als Kunden.<\/p><h4>Wozu verwendet AGON LIFTING die personenbezogenen Daten?<\/h4><p>In erster Linie verwenden wir die Informationen, um Ihnen als Kunden unsere Dienstleistungen oder Produkte anzubieten. Wenn Sie z. B. ein Produkt kaufen oder eine Beratungsleistung in Anspruch nehmen, m\u00fcssen wir Ihre pers\u00f6nlichen Daten speichern k\u00f6nnen, damit wir Sie bedienen k\u00f6nnen, wenn Sie um Hilfe bitten. Wir k\u00f6nnen die Informationen auch verwenden, um unser Marketing auf Sie und andere Nutzer auszurichten.<\/p><h4>Auf welcher Rechtsgrundlage verarbeitet AGON LIFTING Ihre personenbezogenen Daten?<\/h4><p>Unsere Grundlage f\u00fcr die Verarbeitung Ihrer personenbezogenen Daten ist zum Teil die Erf\u00fcllung vertraglicher Verpflichtungen oder Pflichten Ihnen gegen\u00fcber (Artikel 6 Absatz 1 Buchstabe b der DSGVO) und zum Teil eine Interessenabw\u00e4gung (Artikel 6 Absatz 1 Buchstabe f der DSGVO). Die berechtigten Interessen, die die Verarbeitung rechtfertigen, sind unser Interesse daran, unsere Kommunikations- und Marketingma\u00dfnahmen zielgerichtet zu gestalten, die von Ihnen angeforderten Informationen bereitzustellen und Sie als Kunden zu betreuen.<\/p><h4>An wen gibt AGON LIFTING personenbezogene Daten weiter?<\/h4><p>Die personenbezogenen Daten, die Sie uns auf der Website (und anderen von uns betriebenen Websites) zur Verf\u00fcgung stellen, werden nur von der <strong>AGON LIFTING-Gruppe<\/strong> oder ihren Unterauftragnehmern verwendet. <strong>AGON LIFTING<\/strong> gibt personenbezogene Daten nur weiter, soweit dies gesetzlich vorgeschrieben ist, z.B. an die Polizei oder an Beh\u00f6rden mit der erforderlichen Rechtsgrundlage. <strong>AGON LIFTING<\/strong> nutzt Datenverarbeiter zum Beispiel f\u00fcr den IT-Betrieb und das Cloud-Hosting.<\/p><p>Unsere Websites k\u00f6nnen Funktionen f\u00fcr soziale Medien enthalten, wie z. B. Links zu Facebook, LinkedIn und Youtube-Videos, f\u00fcr die eigene Datenschutzrichtlinien gelten. Wir empfehlen Ihnen, deren Gesch\u00e4ftsbedingungen und Datenschutzrichtlinien sorgf\u00e4ltig zu lesen, bevor Sie pers\u00f6nliche Daten angeben.<\/p><h4>Speicherung Ihrer pers\u00f6nlichen Daten<\/h4><p>Wir bewahren Ihre pers\u00f6nlichen Daten f\u00fcr 5 Jahre nach der Eingabe\/Aktivit\u00e4t auf.<\/p><h4>Ihre Rechte<\/h4><p>Sie haben eine Reihe von gesetzlichen Rechten in Bezug auf die Verarbeitung von Informationen \u00fcber Sie durch uns:<\/p><p>Auskunftsrecht: Sie haben das Recht auf Auskunft \u00fcber die von uns \u00fcber Sie verarbeiteten Daten sowie auf eine Reihe von Zusatzinformationen. Wenn Sie einen Antrag auf Zugang stellen, dauert es zwischen 10 und 15 Arbeitstagen ab Eingang Ihres Antrags, bis wir Ihnen die Daten zur Verf\u00fcgung stellen k\u00f6nnen.<\/p><p>Berichtigung (Korrektur) und L\u00f6schung: Sie haben das Recht, unrichtige Informationen \u00fcber Sie zu berichtigen, und Sie haben &#8211; in bestimmten F\u00e4llen &#8211; das Recht, dass Informationen \u00fcber Sie gel\u00f6scht oder die Verarbeitung Ihrer personenbezogenen Daten eingeschr\u00e4nkt wird.<\/p><p>Widerspruch: In bestimmten F\u00e4llen haben Sie das Recht, der ansonsten rechtm\u00e4\u00dfigen Verarbeitung Ihrer personenbezogenen Daten durch uns zu widersprechen. Sie k\u00f6nnen auch der Verarbeitung Ihrer Daten zu Direktmarketingzwecken widersprechen. Wenn Sie Ihre Rechte wahrnehmen m\u00f6chten, nehmen Sie bitte Kontakt mit uns auf. Siehe Kontaktinformationen unten.<\/p><p>Weitere Informationen \u00fcber Ihre Rechte finden Sie bei der Datenschutzbeh\u00f6rde <a href=\"https:\/\/www.datatilsynet.dk\" target=\"_blank\" rel=\"noopener\">(https:\/\/www.datatilsynet.dk)<\/a><\/p><p>Wenn Sie mit der Art und Weise, wie wir Ihre personenbezogenen Daten verarbeiten, unzufrieden sind, k\u00f6nnen Sie sich bei der d\u00e4nischen Datenschutzbeh\u00f6rde <a href=\"https:\/\/www.datatilsynet.dk\" target=\"_blank\" rel=\"noopener\">(https:\/\/www.datatilsynet.dk)<\/a> beschweren<\/p><h4>Wer ist der f\u00fcr die Datenverarbeitung Verantwortliche und wie kann ich mich mit AGON LIFTING in Verbindung setzen?<\/h4><p><strong>AGON A\/S<\/strong> (VAT: DK31889480), Gammelbro 70E, 1. 9., DK-7190 Billund ist der f\u00fcr die Verarbeitung Ihrer Daten Verantwortliche. Sie k\u00f6nnen <strong>AGON A\/S<\/strong> unter Tel. (+45) 7028 7050 werktags zwischen 10:00 und 14:00 Uhr kontaktieren, wenn Sie Fragen zu unserer Datenverarbeitung haben.<\/p><h4>Verarbeitung von personenbezogenen Daten<\/h4><p>Informationen \u00fcber die Verarbeitung personenbezogener Daten im Zusammenhang mit Ihrem Kontakt mit <strong>AGON LIFTING<\/strong>.<\/p><p><strong>AGON LIFTING<\/strong> speichert personenbezogene Daten \u00fcber Sie, und die Verarbeitung unterscheidet sich je nach dem Kontext, in dem Sie mit <strong>AGON LIFTING<\/strong> in Kontakt stehen.<\/p><h4>Kontaktinformationen zum Datenschutz und zu personenbezogenen Daten<\/h4><p> <\/p><p><strong>AGON A\/S<br> <\/strong>(CVR: 31889480)<br>Gammelbro 70E, 1. 9.<br>DK-7190 Billund<\/p><p>Telefon: 7028 7050<br>E-Mail: info@agon.dk <\/p><p> <\/p>\t\t\t\t\t\t\t\t<\/div>\n\t\t\t\t<\/div>\n\t\t\t\t\t<\/div>\n\t\t<\/div>\n\t\t\t\t\t<\/div>\n\t\t<\/section>\n\t\t\t\t<\/div>\n\t\t","protected":false},"excerpt":{"rendered":"<p>Diese Datenschutzrichtlinie gilt f\u00fcr AGON A\/S (VAT: DK31889480) und ihre Tochtergesellschaft AGON Engineering A\/S (VAT: DK41445173), die im Folgenden gemeinsam als AGON LIFTING bezeichnet werden. Unsere Datenschutzrichtlinie beschreibt, wie AGON LIFTING pers\u00f6nliche Daten im Zusammenhang mit dem Service f\u00fcr unsere Kunden sammelt und verarbeitet. Dabei kann es sich um Daten handeln, die im Rahmen des [&hellip;]<\/p>\n","protected":false},"author":1,"featured_media":0,"parent":0,"menu_order":0,"comment_status":"closed","ping_status":"open","template":"elementor_header_footer","meta":{"site-sidebar-layout":"","site-content-layout":"page-builder","ast-site-content-layout":"default","site-content-style":"default","site-sidebar-style":"default","ast-global-header-display":"","ast-banner-title-visibility":"","ast-main-header-display":"","ast-hfb-above-header-display":"","ast-hfb-below-header-display":"","ast-hfb-mobile-header-display":"","site-post-title":"","ast-breadcrumbs-content":"","ast-featured-img":"","footer-sml-layout":"","ast-disable-related-posts":"","theme-transparent-header-meta":"","adv-header-id-meta":"","stick-header-meta":"","header-above-stick-meta":"","header-main-stick-meta":"","header-below-stick-meta":"","astra-migrate-meta-layouts":"default","ast-page-background-enabled":"default","ast-page-background-meta":{"desktop":{"background-color":"var(--ast-global-color-4)","background-image":"","background-repeat":"repeat","background-position":"center center","background-size":"auto","background-attachment":"scroll","background-type":"","background-media":"","overlay-type":"","overlay-color":"","overlay-opacity":"","overlay-gradient":""},"tablet":{"background-color":"","background-image":"","background-repeat":"repeat","background-position":"center center","background-size":"auto","background-attachment":"scroll","background-type":"","background-media":"","overlay-type":"","overlay-color":"","overlay-opacity":"","overlay-gradient":""},"mobile":{"background-color":"","background-image":"","background-repeat":"repeat","background-position":"center center","background-size":"auto","background-attachment":"scroll","background-type":"","background-media":"","overlay-type":"","overlay-color":"","overlay-opacity":"","overlay-gradient":""}},"ast-content-background-meta":{"desktop":{"background-color":"var(--ast-global-color-5)","background-image":"","background-repeat":"repeat","background-position":"center center","background-size":"auto","background-attachment":"scroll","background-type":"","background-media":"","overlay-type":"","overlay-color":"","overlay-opacity":"","overlay-gradient":""},"tablet":{"background-color":"var(--ast-global-color-5)","background-image":"","background-repeat":"repeat","background-position":"center center","background-size":"auto","background-attachment":"scroll","background-type":"","background-media":"","overlay-type":"","overlay-color":"","overlay-opacity":"","overlay-gradient":""},"mobile":{"background-color":"var(--ast-global-color-5)","background-image":"","background-repeat":"repeat","background-position":"center center","background-size":"auto","background-attachment":"scroll","background-type":"","background-media":"","overlay-type":"","overlay-color":"","overlay-opacity":"","overlay-gradient":""}},"footnotes":""},"class_list":["post-3289","page","type-page","status-publish","hentry"],"_links":{"self":[{"href":"https:\/\/agonlifting.com\/de\/wp-json\/wp\/v2\/pages\/3289","targetHints":{"allow":["GET"]}}],"collection":[{"href":"https:\/\/agonlifting.com\/de\/wp-json\/wp\/v2\/pages"}],"about":[{"href":"https:\/\/agonlifting.com\/de\/wp-json\/wp\/v2\/types\/page"}],"author":[{"embeddable":true,"href":"https:\/\/agonlifting.com\/de\/wp-json\/wp\/v2\/users\/1"}],"replies":[{"embeddable":true,"href":"https:\/\/agonlifting.com\/de\/wp-json\/wp\/v2\/comments?post=3289"}],"version-history":[{"count":0,"href":"https:\/\/agonlifting.com\/de\/wp-json\/wp\/v2\/pages\/3289\/revisions"}],"wp:attachment":[{"href":"https:\/\/agonlifting.com\/de\/wp-json\/wp\/v2\/media?parent=3289"}],"curies":[{"name":"wp","href":"https:\/\/api.w.org\/{rel}","templated":true}]}}