{"id":3168,"date":"2021-09-07T23:17:11","date_gmt":"2022-06-17T10:32:47","guid":{"rendered":"https:\/\/agonlifting.com\/product\/endlose-schlingen\/"},"modified":"2023-08-15T20:20:30","modified_gmt":"2023-08-15T18:20:30","slug":"endlose-schlingen","status":"publish","type":"product","link":"https:\/\/agonlifting.com\/de\/produkt\/endlose-schlingen\/","title":{"rendered":"Endlose Schlingen"},"content":{"rendered":"<p>AGON\u00ae steht seit mehr als 20 Jahren f\u00fcr Produktionskompetenz. Wir haben auf allen Ebenen ein \u201eun\u00fcbertroffenes\u201c Qualit\u00e4tsmanagementsystem aufgebaut, die Qualit\u00e4t wird in den Pr\u00fcfzeugnissen dokumentiert und begleitet das Produkt bis zum Einsatzort \u00fcber unser einzigartiges QR-Dokumentationssystem.<\/p>\n<p>Einige unserer Produkte sind selbst entwickelt und gegen Nachahmung gesch\u00fctzt. Deshalb vertrauen unsere Kunden der Marke AGON\u00ae.<\/p>\n<p>Direkter Link zu relevanten Leitf\u00e4den:<\/p>\n<ul>\n<li><a href=\"https:\/\/agonlifting.com\/da\/dokument\/brugsanvisning-for-agon-flade-stropper-og-rundsling\/\" target=\"_blank\" rel=\"noopener\">Gebrauchsanweisung f\u00fcr Flachb\u00e4nder und Rundschlingen<\/a><\/li>\n<li><a href=\"https:\/\/agonlifting.com\/da\/dokument\/kassationskriterier-for-agon-flade-stropper-og-rundsling\/\" target=\"_blank\" rel=\"noopener\">Entsorgungskriterien f\u00fcr AGON Flachb\u00e4nder und Rundschlingen<\/a><\/li>\n<\/ul>\n","protected":false},"excerpt":{"rendered":"<p><strong>Flachbandschlingen<\/strong> sind ein an den Enden verbundenes Flachband.<br \/>\nAGON\u00ae Endlosschlingen sind eine kosteng\u00fcnstige Alternative, die oft dort zum Einsatz kommt, wo ein grosser Schlingenverbrauch besteht und diese an den Kunden geliefert werden.<\/p>\n<p>AGON\u00ae Endlosschlingen werden nach EN1492-1 hergestellt und sind somit in allen EU- und EWR-L\u00e4ndern CE-gekennzeichnet und zugelassen. Daher kann die Schlinge zur Ware geliefert und beim Kunden wiederverwendet werden.<\/p>\n<p>Beim Kauf von Hebeb\u00e4ndern bei AGON erhalten Sie als Kunde automatisch Zugang zu unserem AGON\u00ae <strong><a href=\"https:\/\/agonlifting.com\/da\/cases\/agon-all-inclusive\/\" target=\"_blank\" rel=\"noopener\">ALL INCLUSIVE Service. Lesen Sie hier mehr dar\u00fcber.<\/a><\/strong><\/p>\n<p>Wir k\u00f6nnen Ihnen auch helfen, wenn Sie individuelle Anforderungen oder W\u00fcnsche an das Produkt haben. Bitte kontaktieren Sie uns <strong><a href=\"https:\/\/agonlifting.com\/da\/kontakt\/\" target=\"_blank\" rel=\"noopener\">hier<\/a><\/strong><\/p>\n","protected":false},"featured_media":4951,"template":"","meta":{"site-sidebar-layout":"no-sidebar","site-content-layout":"default","ast-site-content-layout":"default","site-content-style":"default","site-sidebar-style":"default","ast-global-header-display":"","ast-banner-title-visibility":"","ast-main-header-display":"","ast-hfb-above-header-display":"","ast-hfb-below-header-display":"","ast-hfb-mobile-header-display":"","site-post-title":"","ast-breadcrumbs-content":"","ast-featured-img":"","footer-sml-layout":"","ast-disable-related-posts":"","theme-transparent-header-meta":"default","adv-header-id-meta":"","stick-header-meta":"","header-above-stick-meta":"","header-main-stick-meta":"","header-below-stick-meta":"","astra-migrate-meta-layouts":"default","ast-page-background-enabled":"default","ast-page-background-meta":{"desktop":{"background-color":"var(--ast-global-color-4)","background-image":"","background-repeat":"repeat","background-position":"center center","background-size":"auto","background-attachment":"scroll","background-type":"","background-media":"","overlay-type":"","overlay-color":"","overlay-opacity":"","overlay-gradient":""},"tablet":{"background-color":"","background-image":"","background-repeat":"repeat","background-position":"center center","background-size":"auto","background-attachment":"scroll","background-type":"","background-media":"","overlay-type":"","overlay-color":"","overlay-opacity":"","overlay-gradient":""},"mobile":{"background-color":"","background-image":"","background-repeat":"repeat","background-position":"center center","background-size":"auto","background-attachment":"scroll","background-type":"","background-media":"","overlay-type":"","overlay-color":"","overlay-opacity":"","overlay-gradient":""}},"ast-content-background-meta":{"desktop":{"background-color":"var(--ast-global-color-5)","background-image":"","background-repeat":"repeat","background-position":"center center","background-size":"auto","background-attachment":"scroll","background-type":"","background-media":"","overlay-type":"","overlay-color":"","overlay-opacity":"","overlay-gradient":""},"tablet":{"background-color":"var(--ast-global-color-5)","background-image":"","background-repeat":"repeat","background-position":"center center","background-size":"auto","background-attachment":"scroll","background-type":"","background-media":"","overlay-type":"","overlay-color":"","overlay-opacity":"","overlay-gradient":""},"mobile":{"background-color":"var(--ast-global-color-5)","background-image":"","background-repeat":"repeat","background-position":"center center","background-size":"auto","background-attachment":"scroll","background-type":"","background-media":"","overlay-type":"","overlay-color":"","overlay-opacity":"","overlay-gradient":""}}},"product_brand":[],"product_cat":[130],"product_tag":[],"class_list":{"0":"post-3168","1":"product","2":"type-product","3":"status-publish","4":"has-post-thumbnail","6":"product_cat-hebegurte","7":"desktop-align-left","8":"tablet-align-left","9":"mobile-align-left","11":"first","12":"instock","13":"shipping-taxable","14":"purchasable","15":"product-type-variable"},"_links":{"self":[{"href":"https:\/\/agonlifting.com\/de\/wp-json\/wp\/v2\/product\/3168","targetHints":{"allow":["GET"]}}],"collection":[{"href":"https:\/\/agonlifting.com\/de\/wp-json\/wp\/v2\/product"}],"about":[{"href":"https:\/\/agonlifting.com\/de\/wp-json\/wp\/v2\/types\/product"}],"wp:featuredmedia":[{"embeddable":true,"href":"https:\/\/agonlifting.com\/de\/wp-json\/wp\/v2\/media\/4951"}],"wp:attachment":[{"href":"https:\/\/agonlifting.com\/de\/wp-json\/wp\/v2\/media?parent=3168"}],"wp:term":[{"taxonomy":"product_brand","embeddable":true,"href":"https:\/\/agonlifting.com\/de\/wp-json\/wp\/v2\/product_brand?post=3168"},{"taxonomy":"product_cat","embeddable":true,"href":"https:\/\/agonlifting.com\/de\/wp-json\/wp\/v2\/product_cat?post=3168"},{"taxonomy":"product_tag","embeddable":true,"href":"https:\/\/agonlifting.com\/de\/wp-json\/wp\/v2\/product_tag?post=3168"}],"curies":[{"name":"wp","href":"https:\/\/api.w.org\/{rel}","templated":true}]}}