{"id":3212,"date":"2021-09-08T17:28:09","date_gmt":"2021-09-08T15:28:09","guid":{"rendered":"https:\/\/agonlifting.com\/product\/professionelles-zurrgurte-mit-ergo-grip\/"},"modified":"2026-01-12T14:47:31","modified_gmt":"2026-01-12T13:47:31","slug":"professionelles-zurrgurte-ergo-grip","status":"publish","type":"product","link":"https:\/\/agonlifting.com\/de\/produkt\/professionelles-zurrgurte-ergo-grip\/","title":{"rendered":"Professionelles Zurrgurte mit ERGO GRIP"},"content":{"rendered":"<p>AGON steht seit mehr als 20 Jahren f\u00fcr Produktionskompetenz. Wir haben auf allen Ebenen ein \u201eun\u00fcbertroffenes\u201c Qualit\u00e4tsmanagementsystem aufgebaut, die Qualit\u00e4t wird in den Pr\u00fcfzeugnissen dokumentiert und begleitet das Produkt bis zum Einsatzort \u00fcber unser einzigartiges QR-Dokumentationssystem. Einige unserer Produkte sind selbst entwickelt und gegen Nachahmung gesch\u00fctzt. Deshalb vertrauen unsere Kunden der Marke AGON\u00ae.<\/p>\n","protected":false},"excerpt":{"rendered":"<p>AGON ist einer der zuverl\u00e4ssigsten Anbieter von Zurrmitteln, wir liefern die beste Qualit\u00e4t zum wahrscheinlich besten Preis auf dem Markt. Wir sind Experten f\u00fcr Zurrmittel in der 5 Tonnen Klasse, die robust, leistungsstark und einfach zu bedienen sind. Sie k\u00f6nnen sowohl mit <a href=\"https:\/\/agonlifting.com\/da\/vare\/professionel-surring\/\" target=\"_blank\" rel=\"noopener\">Standard-Handgriff<\/a> als auch mit AGON-Ergogriff geliefert werden. Der Vorteil der Wahl des AGON Ergo-Griffs besteht darin, dass Sie den Griff nach oben ziehen, anstatt die Schulter zum Herunterdr\u00fccken zu verwenden. Bei vielen Umspannungen im Laufe des Tages ist dies deutlich am K\u00f6rper zu sp\u00fcren. Unsere Standardzurrgurte haben die gut sichtbare Farbe Orange. Andere Farben sind ebenfalls lieferbar, jedoch mit l\u00e4ngeren Lieferzeiten. Wenn Sie Zurrgurte bei AGON kaufen, erhalten Sie als Kunde automatisch Zugang zu unserem AGON <strong><a href=\"http:\/\/agonlifting.com\/cases\/agon-all-inclusive\/\">ALL INCLUSIVE Service. Lesen Sie hier mehr dar\u00fcber.<\/a><\/strong> Wir k\u00f6nnen Ihnen auch helfen, wenn Sie individuelle Anforderungen oder W\u00fcnsche an das Produkt haben. Bitte kontaktieren Sie uns <a href=\"https:\/\/agonlifting.com\/de\/kontakt\/\" target=\"_blank\" rel=\"noopener\">hier<\/a><\/p>\n","protected":false},"featured_media":4959,"template":"","meta":{"site-sidebar-layout":"default","site-content-layout":"default","ast-site-content-layout":"default","site-content-style":"default","site-sidebar-style":"default","ast-global-header-display":"","ast-banner-title-visibility":"","ast-main-header-display":"","ast-hfb-above-header-display":"","ast-hfb-below-header-display":"","ast-hfb-mobile-header-display":"","site-post-title":"","ast-breadcrumbs-content":"","ast-featured-img":"","footer-sml-layout":"","ast-disable-related-posts":"","theme-transparent-header-meta":"default","adv-header-id-meta":"","stick-header-meta":"","header-above-stick-meta":"","header-main-stick-meta":"","header-below-stick-meta":"","astra-migrate-meta-layouts":"default","ast-page-background-enabled":"default","ast-page-background-meta":{"desktop":{"background-color":"var(--ast-global-color-4)","background-image":"","background-repeat":"repeat","background-position":"center center","background-size":"auto","background-attachment":"scroll","background-type":"","background-media":"","overlay-type":"","overlay-color":"","overlay-opacity":"","overlay-gradient":""},"tablet":{"background-color":"","background-image":"","background-repeat":"repeat","background-position":"center center","background-size":"auto","background-attachment":"scroll","background-type":"","background-media":"","overlay-type":"","overlay-color":"","overlay-opacity":"","overlay-gradient":""},"mobile":{"background-color":"","background-image":"","background-repeat":"repeat","background-position":"center center","background-size":"auto","background-attachment":"scroll","background-type":"","background-media":"","overlay-type":"","overlay-color":"","overlay-opacity":"","overlay-gradient":""}},"ast-content-background-meta":{"desktop":{"background-color":"var(--ast-global-color-5)","background-image":"","background-repeat":"repeat","background-position":"center center","background-size":"auto","background-attachment":"scroll","background-type":"","background-media":"","overlay-type":"","overlay-color":"","overlay-opacity":"","overlay-gradient":""},"tablet":{"background-color":"var(--ast-global-color-5)","background-image":"","background-repeat":"repeat","background-position":"center center","background-size":"auto","background-attachment":"scroll","background-type":"","background-media":"","overlay-type":"","overlay-color":"","overlay-opacity":"","overlay-gradient":""},"mobile":{"background-color":"var(--ast-global-color-5)","background-image":"","background-repeat":"repeat","background-position":"center center","background-size":"auto","background-attachment":"scroll","background-type":"","background-media":"","overlay-type":"","overlay-color":"","overlay-opacity":"","overlay-gradient":""}}},"product_brand":[],"product_cat":[129],"product_tag":[],"class_list":{"0":"post-3212","1":"product","2":"type-product","3":"status-publish","4":"has-post-thumbnail","6":"product_cat-ladungssicherung","7":"desktop-align-left","8":"tablet-align-left","9":"mobile-align-left","11":"first","12":"instock","13":"shipping-taxable","14":"purchasable","15":"product-type-variable"},"_links":{"self":[{"href":"https:\/\/agonlifting.com\/de\/wp-json\/wp\/v2\/product\/3212","targetHints":{"allow":["GET"]}}],"collection":[{"href":"https:\/\/agonlifting.com\/de\/wp-json\/wp\/v2\/product"}],"about":[{"href":"https:\/\/agonlifting.com\/de\/wp-json\/wp\/v2\/types\/product"}],"wp:featuredmedia":[{"embeddable":true,"href":"https:\/\/agonlifting.com\/de\/wp-json\/wp\/v2\/media\/4959"}],"wp:attachment":[{"href":"https:\/\/agonlifting.com\/de\/wp-json\/wp\/v2\/media?parent=3212"}],"wp:term":[{"taxonomy":"product_brand","embeddable":true,"href":"https:\/\/agonlifting.com\/de\/wp-json\/wp\/v2\/product_brand?post=3212"},{"taxonomy":"product_cat","embeddable":true,"href":"https:\/\/agonlifting.com\/de\/wp-json\/wp\/v2\/product_cat?post=3212"},{"taxonomy":"product_tag","embeddable":true,"href":"https:\/\/agonlifting.com\/de\/wp-json\/wp\/v2\/product_tag?post=3212"}],"curies":[{"name":"wp","href":"https:\/\/api.w.org\/{rel}","templated":true}]}}