{"id":3222,"date":"2021-11-04T22:44:51","date_gmt":"2022-06-19T23:08:34","guid":{"rendered":"https:\/\/agonlifting.com\/product\/halterung-fuer-big-bags\/"},"modified":"2022-08-18T19:08:11","modified_gmt":"2022-08-18T17:08:11","slug":"big-bag-halter","status":"publish","type":"product","link":"https:\/\/agonlifting.com\/de\/produkt\/big-bag-halter\/","title":{"rendered":"Halterung f\u00fcr Big-Bags"},"content":{"rendered":"<h3>Sehen Sie sich unser Produktvideo unten an<\/h3>\n<div class=\"ast-oembed-container \" style=\"height: 100%;\"><iframe title=\"AGON BIG BAG Holder - Product Introduction\" width=\"500\" height=\"281\" src=\"https:\/\/www.youtube.com\/embed\/GzKHW8oH0TM?start=1&#038;feature=oembed\" frameborder=\"0\" allow=\"accelerometer; autoplay; clipboard-write; encrypted-media; gyroscope; picture-in-picture; web-share\" referrerpolicy=\"strict-origin-when-cross-origin\" allowfullscreen><\/iframe><\/div>\n","protected":false},"excerpt":{"rendered":"<p>Der Big-Bag-Halter von AGON\u00ae Engineering bietet Ihnen ein einfaches, aber effektives Werkzeug f\u00fcr den Einsatz von Big-Bags in Ihrer Produktion. Durch die Kombination von Big Bags mit der traditionellen EURO-Palette hat AGON\u00ae ein einzigartiges Setup geschaffen. Mit dem Big Bag haben Sie einen g\u00fcnstigen Beh\u00e4lter f\u00fcr Ihre Produkte und die EURO-Palette sorgt f\u00fcr ein einfaches innerbetriebliches Handling mit zB Gabelstapler. Das bedeutet, dass alle Ihre vorhandenen Produktionswerkzeuge wiederverwendet werden k\u00f6nnen. Beim Verladen auf den LKW wird nur der Big Bag geladen. Die Palette zur\u00fcck am Produktionsstandort und dient nur noch als innerbetriebliches Transportmittel. Palettenr\u00fccknahme, innerbetrieblicher Logistik, Rechnungsstellung etc. im Zusammenhang mit der R\u00fccknahme von Paletten und Palettenrahmen viel Geld gespart werden. Lesen Sie <strong><a href=\"https:\/\/agonlifting.com\/de\/referenzen\/von-paletten-bis-big-bags\/\">hier mehr \u00fcber unser einzigartiges Setup \u201evon Paletten zu Big Bags\u201c<\/a>.<\/strong><\/p>\n<p>Der Big-Bag-Halter dient nat\u00fcrlich dazu, den Big-Bag w\u00e4hrend des Bef\u00fcllens offen zu halten. Die einzigartige federbelastete Verriegelung des Halters erm\u00f6glicht es auch, den Halter an der Palette zu verriegeln und die richtige ergonomische Arbeitsh\u00f6he f\u00fcr den Bediener zu sichern, wenn der Sack manuell geladen wird. Der Big-Bag-Halter kann auch in Kombination mit unserem <a href=\"https:\/\/agonlifting.com\/de\/produkt\/bugelforderer\/\"><strong>Steigb\u00fcgelf\u00f6rderer verwendet<\/strong><\/a> werden, mit dem eine automatische Bef\u00fcllung von Big-Bags erreicht werden kann.<\/p>\n<p>F\u00fcr unsere Big-Bag-Halter haben wir <strong><a href=\"https:\/\/agonlifting.com\/de\/produkt\/big-bags-extra-strapazierfahig\/\">spezielle S\u00e4cke<\/a><\/strong> mit den Ma\u00dfen 120x80x50cm (volle EURO-Palette) und 60x80x50cm (halbe EURO-Palette) entwickelt.<\/p>\n","protected":false},"featured_media":1780,"template":"","meta":{"site-sidebar-layout":"default","site-content-layout":"default","ast-site-content-layout":"default","site-content-style":"default","site-sidebar-style":"default","ast-global-header-display":"","ast-banner-title-visibility":"","ast-main-header-display":"","ast-hfb-above-header-display":"","ast-hfb-below-header-display":"","ast-hfb-mobile-header-display":"","site-post-title":"","ast-breadcrumbs-content":"","ast-featured-img":"","footer-sml-layout":"","ast-disable-related-posts":"","theme-transparent-header-meta":"default","adv-header-id-meta":"","stick-header-meta":"","header-above-stick-meta":"","header-main-stick-meta":"","header-below-stick-meta":"","astra-migrate-meta-layouts":"default","ast-page-background-enabled":"default","ast-page-background-meta":{"desktop":{"background-color":"var(--ast-global-color-4)","background-image":"","background-repeat":"repeat","background-position":"center center","background-size":"auto","background-attachment":"scroll","background-type":"","background-media":"","overlay-type":"","overlay-color":"","overlay-opacity":"","overlay-gradient":""},"tablet":{"background-color":"","background-image":"","background-repeat":"repeat","background-position":"center center","background-size":"auto","background-attachment":"scroll","background-type":"","background-media":"","overlay-type":"","overlay-color":"","overlay-opacity":"","overlay-gradient":""},"mobile":{"background-color":"","background-image":"","background-repeat":"repeat","background-position":"center center","background-size":"auto","background-attachment":"scroll","background-type":"","background-media":"","overlay-type":"","overlay-color":"","overlay-opacity":"","overlay-gradient":""}},"ast-content-background-meta":{"desktop":{"background-color":"var(--ast-global-color-5)","background-image":"","background-repeat":"repeat","background-position":"center center","background-size":"auto","background-attachment":"scroll","background-type":"","background-media":"","overlay-type":"","overlay-color":"","overlay-opacity":"","overlay-gradient":""},"tablet":{"background-color":"var(--ast-global-color-5)","background-image":"","background-repeat":"repeat","background-position":"center center","background-size":"auto","background-attachment":"scroll","background-type":"","background-media":"","overlay-type":"","overlay-color":"","overlay-opacity":"","overlay-gradient":""},"mobile":{"background-color":"var(--ast-global-color-5)","background-image":"","background-repeat":"repeat","background-position":"center center","background-size":"auto","background-attachment":"scroll","background-type":"","background-media":"","overlay-type":"","overlay-color":"","overlay-opacity":"","overlay-gradient":""}}},"product_brand":[],"product_cat":[131],"product_tag":[],"class_list":{"0":"post-3222","1":"product","2":"type-product","3":"status-publish","4":"has-post-thumbnail","6":"product_cat-ausruestung","7":"desktop-align-left","8":"tablet-align-left","9":"mobile-align-left","11":"first","12":"instock","13":"purchasable","14":"product-type-simple"},"_links":{"self":[{"href":"https:\/\/agonlifting.com\/de\/wp-json\/wp\/v2\/product\/3222","targetHints":{"allow":["GET"]}}],"collection":[{"href":"https:\/\/agonlifting.com\/de\/wp-json\/wp\/v2\/product"}],"about":[{"href":"https:\/\/agonlifting.com\/de\/wp-json\/wp\/v2\/types\/product"}],"wp:featuredmedia":[{"embeddable":true,"href":"https:\/\/agonlifting.com\/de\/wp-json\/wp\/v2\/media\/1780"}],"wp:attachment":[{"href":"https:\/\/agonlifting.com\/de\/wp-json\/wp\/v2\/media?parent=3222"}],"wp:term":[{"taxonomy":"product_brand","embeddable":true,"href":"https:\/\/agonlifting.com\/de\/wp-json\/wp\/v2\/product_brand?post=3222"},{"taxonomy":"product_cat","embeddable":true,"href":"https:\/\/agonlifting.com\/de\/wp-json\/wp\/v2\/product_cat?post=3222"},{"taxonomy":"product_tag","embeddable":true,"href":"https:\/\/agonlifting.com\/de\/wp-json\/wp\/v2\/product_tag?post=3222"}],"curies":[{"name":"wp","href":"https:\/\/api.w.org\/{rel}","templated":true}]}}