{"id":3223,"date":"2021-09-08T12:29:40","date_gmt":"2022-06-19T23:14:20","guid":{"rendered":"https:\/\/agonlifting.com\/product\/hebegurte-mit-verstaerkten-oesen\/"},"modified":"2023-07-13T12:48:12","modified_gmt":"2023-07-13T10:48:12","slug":"hebegurte-mit-verstarkten-osen","status":"publish","type":"product","link":"https:\/\/agonlifting.com\/de\/produkt\/hebegurte-mit-verstarkten-osen\/","title":{"rendered":"Hebeband 2-lagig mit verst\u00e4rkten Schlaufen"},"content":{"rendered":"<p>AGON\u00ae steht seit mehr als 20 Jahren f\u00fcr Produktionskompetenz. Wir haben auf allen Ebenen ein \u201eun\u00fcbertroffenes\u201c Qualit\u00e4tsmanagementsystem aufgebaut, die Qualit\u00e4t wird in den Pr\u00fcfzeugnissen dokumentiert und begleitet das Produkt bis zum Einsatzort \u00fcber unser einzigartiges QR-Dokumentationssystem. Einige unserer Produkte sind selbst entwickelt und gegen Nachahmung gesch\u00fctzt. Deshalb vertrauen unsere Kunden der Marke AGON\u00ae.<\/p>\n<p><strong>Direkter Link zu relevanten Leitf\u00e4den:<\/strong><\/p>\n<ul>\n<li style=\"list-style-type: none;\">\n<ul>\n<li><a href=\"https:\/\/agonlifting.com\/document\/instructions-for-use-agon-flat-webbing-and-round-slings\/\" target=\"_blank\" rel=\"noopener\">Gebrauchsanweisung f\u00fcr Flachb\u00e4nder und Rundschlingen (Derzeit nur auf Englisch verf\u00fcgbar)<\/a><\/li>\n<li><a href=\"https:\/\/agonlifting.com\/document\/discard-criteria-for-agon-flat-webbing-and-round-slings\/\" target=\"_blank\" rel=\"noopener\">Entsorgungskriterien f\u00fcr AGON Flachb\u00e4nder und Rundschlingen (Derzeit nur auf Englisch verf\u00fcgbar)<\/a><\/li>\n<\/ul>\n<\/li>\n<\/ul>\n","protected":false},"excerpt":{"rendered":"<p><strong>Flache Hebebandern mit verst\u00e4rkten Schlaufen<\/strong>, ist ein flacher Gurt, der an den Enden gefaltete \u00d6sen hat. Prinzipiell lassen sich diese B\u00e4nder auf unz\u00e4hlige Arten n\u00e4hen. Unser Standard sind doppellagige Gurte mit gefalteten verst\u00e4rkten \u00d6sen an den Enden.<\/p>\n<p>AGON\u00ae Hebebandern mit verst\u00e4rkten Schlaufen werden gem\u00e4\u00df EN1492-1 hergestellt und sind somit in allen EU- und EWR-L\u00e4ndern CE-gekennzeichnet und zugelassen.<\/p>\n<p>AGON\u00ae Hebebandern mit verst\u00e4rkten Schlaufen haben eine gute F\u00e4higkeit, die Last \u00fcber die gesamte Breite des Bandes zu verteilen und bieten daher Schutz vor der Belastung. Unsere Hebebandern mit verst\u00e4rkten Schlaufen sind standardm\u00e4\u00dfig doppelt gelegt (DUBLEX) und haben dadurch eine sehr feine Verschlei\u00dffestigkeit und bieten ein hohes Ma\u00df an Sicherheit.<\/p>\n<p>Wenn Sie Hebeb\u00e4ndern bei AGON\u00ae kaufen, erhalten Sie als Kunde automatisch Zugang zu unserem AGON\u00ae <strong><a href=\"https:\/\/agonlifting.com\/de\/referenzen\/agon-all-inclusive\/\" target=\"_blank\" rel=\"noopener\">ALL INCLUSIVE Service. Lesen Sie hier mehr dar\u00fcber.<\/a><\/strong><\/p>\n<p>Wir k\u00f6nnen Ihnen auch helfen, wenn Sie individuelle Anforderungen oder W\u00fcnsche an das Produkt haben. <strong><a href=\"https:\/\/agonlifting.com\/de\/kontakt\/\" target=\"_blank\" rel=\"noopener\">Bitte kontaktieren Sie uns hier &gt;&gt;<\/a><\/strong><\/p>\n","protected":false},"featured_media":1739,"template":"","meta":{"site-sidebar-layout":"default","site-content-layout":"default","ast-site-content-layout":"default","site-content-style":"default","site-sidebar-style":"default","ast-global-header-display":"","ast-banner-title-visibility":"","ast-main-header-display":"","ast-hfb-above-header-display":"","ast-hfb-below-header-display":"","ast-hfb-mobile-header-display":"","site-post-title":"","ast-breadcrumbs-content":"","ast-featured-img":"","footer-sml-layout":"","ast-disable-related-posts":"","theme-transparent-header-meta":"default","adv-header-id-meta":"","stick-header-meta":"","header-above-stick-meta":"","header-main-stick-meta":"","header-below-stick-meta":"","astra-migrate-meta-layouts":"default","ast-page-background-enabled":"default","ast-page-background-meta":{"desktop":{"background-color":"var(--ast-global-color-4)","background-image":"","background-repeat":"repeat","background-position":"center center","background-size":"auto","background-attachment":"scroll","background-type":"","background-media":"","overlay-type":"","overlay-color":"","overlay-opacity":"","overlay-gradient":""},"tablet":{"background-color":"","background-image":"","background-repeat":"repeat","background-position":"center center","background-size":"auto","background-attachment":"scroll","background-type":"","background-media":"","overlay-type":"","overlay-color":"","overlay-opacity":"","overlay-gradient":""},"mobile":{"background-color":"","background-image":"","background-repeat":"repeat","background-position":"center center","background-size":"auto","background-attachment":"scroll","background-type":"","background-media":"","overlay-type":"","overlay-color":"","overlay-opacity":"","overlay-gradient":""}},"ast-content-background-meta":{"desktop":{"background-color":"var(--ast-global-color-5)","background-image":"","background-repeat":"repeat","background-position":"center center","background-size":"auto","background-attachment":"scroll","background-type":"","background-media":"","overlay-type":"","overlay-color":"","overlay-opacity":"","overlay-gradient":""},"tablet":{"background-color":"var(--ast-global-color-5)","background-image":"","background-repeat":"repeat","background-position":"center center","background-size":"auto","background-attachment":"scroll","background-type":"","background-media":"","overlay-type":"","overlay-color":"","overlay-opacity":"","overlay-gradient":""},"mobile":{"background-color":"var(--ast-global-color-5)","background-image":"","background-repeat":"repeat","background-position":"center center","background-size":"auto","background-attachment":"scroll","background-type":"","background-media":"","overlay-type":"","overlay-color":"","overlay-opacity":"","overlay-gradient":""}}},"product_brand":[],"product_cat":[130],"product_tag":[190,191],"class_list":{"0":"post-3223","1":"product","2":"type-product","3":"status-publish","4":"has-post-thumbnail","6":"product_cat-hebegurte","7":"product_tag-hebebandern","8":"product_tag-hebebandern-mit-verstaerkten-schlaufen","9":"desktop-align-left","10":"tablet-align-left","11":"mobile-align-left","13":"first","14":"instock","15":"shipping-taxable","16":"purchasable","17":"product-type-variable"},"_links":{"self":[{"href":"https:\/\/agonlifting.com\/de\/wp-json\/wp\/v2\/product\/3223","targetHints":{"allow":["GET"]}}],"collection":[{"href":"https:\/\/agonlifting.com\/de\/wp-json\/wp\/v2\/product"}],"about":[{"href":"https:\/\/agonlifting.com\/de\/wp-json\/wp\/v2\/types\/product"}],"wp:featuredmedia":[{"embeddable":true,"href":"https:\/\/agonlifting.com\/de\/wp-json\/wp\/v2\/media\/1739"}],"wp:attachment":[{"href":"https:\/\/agonlifting.com\/de\/wp-json\/wp\/v2\/media?parent=3223"}],"wp:term":[{"taxonomy":"product_brand","embeddable":true,"href":"https:\/\/agonlifting.com\/de\/wp-json\/wp\/v2\/product_brand?post=3223"},{"taxonomy":"product_cat","embeddable":true,"href":"https:\/\/agonlifting.com\/de\/wp-json\/wp\/v2\/product_cat?post=3223"},{"taxonomy":"product_tag","embeddable":true,"href":"https:\/\/agonlifting.com\/de\/wp-json\/wp\/v2\/product_tag?post=3223"}],"curies":[{"name":"wp","href":"https:\/\/api.w.org\/{rel}","templated":true}]}}