{"id":3234,"date":"2022-03-21T11:55:11","date_gmt":"2022-03-21T10:55:11","guid":{"rendered":"https:\/\/agonlifting.com\/product\/bewegliche-big-bag-auflage\/"},"modified":"2022-08-18T19:24:03","modified_gmt":"2022-08-18T17:24:03","slug":"bewegliche-big-bag-auflage","status":"publish","type":"product","link":"https:\/\/agonlifting.com\/de\/produkt\/bewegliche-big-bag-auflage\/","title":{"rendered":"Bewegliche Big-Bag-Auflage"},"content":{"rendered":"<p>AGON\u00ae steht seit mehr als 20 Jahren f\u00fcr Produktionskompetenz.<\/p>\n<p>Wir wollen nicht nur den Big Bag liefern, sondern L\u00f6sungen und Systeme, die Ihnen als Kunden helfen, effizienter und produktiver zu werden. Lesen Sie unter anderem unseren <strong><a href=\"https:\/\/agonlifting.com\/de\/referenzen\/von-paletten-bis-big-bags\/\">Artikel<\/a><\/strong> \u00fcber den \u00dcbergang von <strong><a href=\"https:\/\/agonlifting.com\/de\/referenzen\/von-paletten-bis-big-bags\/\">traditionellen Paletten zu Big Bags<\/a><\/strong>, was f\u00fcr AGON\u00ae ein klares \u201eNo-Brainer\u201c ist.<\/p>\n<p>Deshalb haben wir auch spezielle Produkte entwickelt, die den Einsatz von Big Bags unterst\u00fctzen. Sehen Sie hier mehr:<\/p>\n<ul>\n<li><a href=\"https:\/\/agonlifting.com\/de\/produkt\/big-bag-halter\/\">BIG BAG-Halter<\/a><\/li>\n<li><a href=\"https:\/\/agonlifting.com\/de\/produkt\/bugelforderer\/\">Steigb\u00fcgelf\u00f6rderer<\/a><\/li>\n<\/ul>\n<p>&nbsp;<\/p>\n<p>Direkter Link zu relevanten Leitf\u00e4den:<\/p>\n<ul>\n<li><a href=\"https:\/\/agonlifting.com\/document\/instructions-for-use-for-agon-big-bags-fibc\/\" target=\"_blank\" rel=\"noopener\">Gebrauchsanweisung f\u00fcr AGON Big Bags (Derzeit nur auf Englisch verf\u00fcgbar)<\/a><\/li>\n<\/ul>\n","protected":false},"excerpt":{"rendered":"<p>Um unseren Kunden den internen Transport zu erleichtern, hat AGON\u00ae Engineering diese bewegliche Big-Bag-Halterung entwickelt, die eine Last von 1000 kg tragen kann. Die bewegliche Big-Bag-Halterung ist in vielen Gr\u00f6\u00dfen erh\u00e4ltlich und kann auch in kundenspezifischen Gr\u00f6\u00dfen hergestellt werden, passend f\u00fcr jeden <strong><a href=\"https:\/\/agonlifting.com\/de\/produkt\/big-bags-extra-strapazierfahig\/\">Big-Bag<\/a><\/strong> .<\/p>\n<p>Die Support-Funktionen:<\/p>\n<ul>\n<li>Niedrige Bauh\u00f6he f\u00fcr optimale Raumnutzung zwischen Biegejoch und Boden<\/li>\n<li>Einfach zu l\u00f6sende Big-Bag-\u00d6senbefestigungen mit H\u00f6henverstellbarkeit<\/li>\n<li>Holzgrundplatte f\u00fcr hohe Haltbarkeit und Schalld\u00e4mmung<\/li>\n<li>Robuste Verarbeitungsqualit\u00e4t<\/li>\n<li><span style=\"font-size: 16px;\">Ausgestattet mit langlebigen, hochwertigen Rollen<\/span><\/li>\n<\/ul>\n<p>Senden Sie eine Anfrage f\u00fcr eine bestimmte Gr\u00f6\u00dfe und wir werden mit einem Angebot zur\u00fcckkommen.<\/p>\n<p>&nbsp;<\/p>\n","protected":false},"featured_media":2967,"template":"","meta":{"site-sidebar-layout":"default","site-content-layout":"default","ast-site-content-layout":"default","site-content-style":"default","site-sidebar-style":"default","ast-global-header-display":"","ast-banner-title-visibility":"","ast-main-header-display":"","ast-hfb-above-header-display":"","ast-hfb-below-header-display":"","ast-hfb-mobile-header-display":"","site-post-title":"","ast-breadcrumbs-content":"","ast-featured-img":"","footer-sml-layout":"","ast-disable-related-posts":"","theme-transparent-header-meta":"default","adv-header-id-meta":"","stick-header-meta":"","header-above-stick-meta":"","header-main-stick-meta":"","header-below-stick-meta":"","astra-migrate-meta-layouts":"default","ast-page-background-enabled":"default","ast-page-background-meta":{"desktop":{"background-color":"var(--ast-global-color-4)","background-image":"","background-repeat":"repeat","background-position":"center center","background-size":"auto","background-attachment":"scroll","background-type":"","background-media":"","overlay-type":"","overlay-color":"","overlay-opacity":"","overlay-gradient":""},"tablet":{"background-color":"","background-image":"","background-repeat":"repeat","background-position":"center center","background-size":"auto","background-attachment":"scroll","background-type":"","background-media":"","overlay-type":"","overlay-color":"","overlay-opacity":"","overlay-gradient":""},"mobile":{"background-color":"","background-image":"","background-repeat":"repeat","background-position":"center center","background-size":"auto","background-attachment":"scroll","background-type":"","background-media":"","overlay-type":"","overlay-color":"","overlay-opacity":"","overlay-gradient":""}},"ast-content-background-meta":{"desktop":{"background-color":"var(--ast-global-color-5)","background-image":"","background-repeat":"repeat","background-position":"center center","background-size":"auto","background-attachment":"scroll","background-type":"","background-media":"","overlay-type":"","overlay-color":"","overlay-opacity":"","overlay-gradient":""},"tablet":{"background-color":"var(--ast-global-color-5)","background-image":"","background-repeat":"repeat","background-position":"center center","background-size":"auto","background-attachment":"scroll","background-type":"","background-media":"","overlay-type":"","overlay-color":"","overlay-opacity":"","overlay-gradient":""},"mobile":{"background-color":"var(--ast-global-color-5)","background-image":"","background-repeat":"repeat","background-position":"center center","background-size":"auto","background-attachment":"scroll","background-type":"","background-media":"","overlay-type":"","overlay-color":"","overlay-opacity":"","overlay-gradient":""}}},"product_brand":[],"product_cat":[131],"product_tag":[],"class_list":{"0":"post-3234","1":"product","2":"type-product","3":"status-publish","4":"has-post-thumbnail","6":"product_cat-ausruestung","7":"desktop-align-left","8":"tablet-align-left","9":"mobile-align-left","11":"first","12":"instock","13":"shipping-taxable","14":"purchasable","15":"product-type-simple"},"_links":{"self":[{"href":"https:\/\/agonlifting.com\/de\/wp-json\/wp\/v2\/product\/3234","targetHints":{"allow":["GET"]}}],"collection":[{"href":"https:\/\/agonlifting.com\/de\/wp-json\/wp\/v2\/product"}],"about":[{"href":"https:\/\/agonlifting.com\/de\/wp-json\/wp\/v2\/types\/product"}],"wp:featuredmedia":[{"embeddable":true,"href":"https:\/\/agonlifting.com\/de\/wp-json\/wp\/v2\/media\/2967"}],"wp:attachment":[{"href":"https:\/\/agonlifting.com\/de\/wp-json\/wp\/v2\/media?parent=3234"}],"wp:term":[{"taxonomy":"product_brand","embeddable":true,"href":"https:\/\/agonlifting.com\/de\/wp-json\/wp\/v2\/product_brand?post=3234"},{"taxonomy":"product_cat","embeddable":true,"href":"https:\/\/agonlifting.com\/de\/wp-json\/wp\/v2\/product_cat?post=3234"},{"taxonomy":"product_tag","embeddable":true,"href":"https:\/\/agonlifting.com\/de\/wp-json\/wp\/v2\/product_tag?post=3234"}],"curies":[{"name":"wp","href":"https:\/\/api.w.org\/{rel}","templated":true}]}}