{"id":3752,"date":"2022-11-13T22:26:52","date_gmt":"2022-11-25T14:53:45","guid":{"rendered":"https:\/\/agonlifting.com\/product\/innengreifend-coilgreifer\/"},"modified":"2022-12-11T23:52:23","modified_gmt":"2022-12-11T22:52:23","slug":"innengreifend-coilgreifer","status":"publish","type":"product","link":"https:\/\/agonlifting.com\/de\/produkt\/innengreifend-coilgreifer\/","title":{"rendered":"Innengreifend Coilgreifer"},"content":{"rendered":"<p>Sehen Sie unseren Coilgreifer in Aktion.<\/p>\n<div class=\"ast-oembed-container \" style=\"height: 100%;\"><iframe title=\"AGON Inside coil gripper\" width=\"500\" height=\"281\" src=\"https:\/\/www.youtube.com\/embed\/eKq-MChzlrI?feature=oembed\" frameborder=\"0\" allow=\"accelerometer; autoplay; clipboard-write; encrypted-media; gyroscope; picture-in-picture; web-share\" referrerpolicy=\"strict-origin-when-cross-origin\" allowfullscreen><\/iframe><\/div>\n","protected":false},"excerpt":{"rendered":"<p>Der Coilgreifer von AGON Engineering ist ein einzigartiges Ger\u00e4t! Auch hier liefert AGON Engineering ein Werkzeug, das die Sicherheit Ihrer Mitarbeiter verbessert und Ihre Produktionseffizienz verbessert.<\/p>\n<p>Der Greifer ist mit Gummipuffern ausgestattet, die das Coil von innen greifen. Das einzigartige Design der Pads sorgt f\u00fcr eine hohe Griffsicherheit und sch\u00fctzt die Stahlb\u00e4nder vor Besch\u00e4digungen. Durch die Pads kann der Greifer beliebige Gegenst\u00e4nde im Coil greifen, was zu einem schnellen und effizienten Arbeitsablauf f\u00fcr den Kranf\u00fchrer und der anschlie\u00dfenden Verarbeitung f\u00fchrt.<\/p>\n<p>Der abgebildete Greifer ist f\u00fcr eine WLL von 6 Tonnen ausgelegt. Wenn Ihre Coils eine andere Gr\u00f6\u00dfe haben, k\u00f6nnen wir unser Werkzeug ganz einfach an Ihre Bed\u00fcrfnisse anpassen! Lassen Sie es uns einfach wissen. <a href=\"https:\/\/agonlifting.com\/de\/kontakt\/\">Kontaktieren Sie uns hier.<\/a><\/p>\n<p>Der Greifer wurde im Hinblick auf Zuverl\u00e4ssigkeit, Benutzerfreundlichkeit und lange Lebensdauer entwickelt. All dies wurde w\u00e4hrend umfangreicher Feldtests unter rauen Wetterbedingungen verifiziert. Ein Qualit\u00e4tsprodukt!<\/p>\n<p>Der Greifer ist vollst\u00e4ndig CE-gepr\u00fcft und gem\u00e4\u00df den geltenden EU-Normen konstruiert und getestet.<\/p>\n<p><img fetchpriority=\"high\" decoding=\"async\" class=\"alignnone size-medium wp-image-3743\" src=\"https:\/\/agonlifting.com\/wp-content\/uploads\/1541001002_Dim-500x237.jpg\" alt=\"\" width=\"500\" height=\"237\" srcset=\"https:\/\/agonlifting.com\/wp-content\/uploads\/1541001002_Dim-500x237.jpg 500w, https:\/\/agonlifting.com\/wp-content\/uploads\/1541001002_Dim-768x363.jpg 768w, https:\/\/agonlifting.com\/wp-content\/uploads\/1541001002_Dim-600x284.jpg 600w, https:\/\/agonlifting.com\/wp-content\/uploads\/1541001002_Dim.jpg 1205w\" sizes=\"(max-width: 500px) 100vw, 500px\" \/><\/p>\n<p>F\u00fcr den Greifer ist folgendes Zubeh\u00f6r erh\u00e4ltlich:<\/p>\n<ul>\n<li><a href=\"https:\/\/agonlifting.com\/product\/cover-for-coil-gripper\/\" target=\"_blank\" rel=\"noopener\">Abdeckung f\u00fcr Greifer<\/a><\/li>\n<\/ul>\n<p>&nbsp;<\/p>\n","protected":false},"featured_media":3735,"template":"","meta":{"site-sidebar-layout":"default","site-content-layout":"default","ast-site-content-layout":"default","site-content-style":"default","site-sidebar-style":"default","ast-global-header-display":"","ast-banner-title-visibility":"","ast-main-header-display":"","ast-hfb-above-header-display":"","ast-hfb-below-header-display":"","ast-hfb-mobile-header-display":"","site-post-title":"","ast-breadcrumbs-content":"","ast-featured-img":"","footer-sml-layout":"","ast-disable-related-posts":"","theme-transparent-header-meta":"default","adv-header-id-meta":"","stick-header-meta":"","header-above-stick-meta":"","header-main-stick-meta":"","header-below-stick-meta":"","astra-migrate-meta-layouts":"default","ast-page-background-enabled":"default","ast-page-background-meta":{"desktop":{"background-color":"var(--ast-global-color-4)","background-image":"","background-repeat":"repeat","background-position":"center center","background-size":"auto","background-attachment":"scroll","background-type":"","background-media":"","overlay-type":"","overlay-color":"","overlay-opacity":"","overlay-gradient":""},"tablet":{"background-color":"","background-image":"","background-repeat":"repeat","background-position":"center center","background-size":"auto","background-attachment":"scroll","background-type":"","background-media":"","overlay-type":"","overlay-color":"","overlay-opacity":"","overlay-gradient":""},"mobile":{"background-color":"","background-image":"","background-repeat":"repeat","background-position":"center center","background-size":"auto","background-attachment":"scroll","background-type":"","background-media":"","overlay-type":"","overlay-color":"","overlay-opacity":"","overlay-gradient":""}},"ast-content-background-meta":{"desktop":{"background-color":"var(--ast-global-color-5)","background-image":"","background-repeat":"repeat","background-position":"center center","background-size":"auto","background-attachment":"scroll","background-type":"","background-media":"","overlay-type":"","overlay-color":"","overlay-opacity":"","overlay-gradient":""},"tablet":{"background-color":"var(--ast-global-color-5)","background-image":"","background-repeat":"repeat","background-position":"center center","background-size":"auto","background-attachment":"scroll","background-type":"","background-media":"","overlay-type":"","overlay-color":"","overlay-opacity":"","overlay-gradient":""},"mobile":{"background-color":"var(--ast-global-color-5)","background-image":"","background-repeat":"repeat","background-position":"center center","background-size":"auto","background-attachment":"scroll","background-type":"","background-media":"","overlay-type":"","overlay-color":"","overlay-opacity":"","overlay-gradient":""}}},"product_brand":[],"product_cat":[131],"product_tag":[206,204,205],"class_list":{"0":"post-3752","1":"product","2":"type-product","3":"status-publish","4":"has-post-thumbnail","6":"product_cat-ausruestung","7":"product_tag-agongroup-de","8":"product_tag-coilgripper-de","9":"product_tag-coillifting-de","10":"desktop-align-left","11":"tablet-align-left","12":"mobile-align-left","14":"first","15":"instock","16":"shipping-taxable","17":"purchasable","18":"product-type-simple"},"_links":{"self":[{"href":"https:\/\/agonlifting.com\/de\/wp-json\/wp\/v2\/product\/3752","targetHints":{"allow":["GET"]}}],"collection":[{"href":"https:\/\/agonlifting.com\/de\/wp-json\/wp\/v2\/product"}],"about":[{"href":"https:\/\/agonlifting.com\/de\/wp-json\/wp\/v2\/types\/product"}],"wp:featuredmedia":[{"embeddable":true,"href":"https:\/\/agonlifting.com\/de\/wp-json\/wp\/v2\/media\/3735"}],"wp:attachment":[{"href":"https:\/\/agonlifting.com\/de\/wp-json\/wp\/v2\/media?parent=3752"}],"wp:term":[{"taxonomy":"product_brand","embeddable":true,"href":"https:\/\/agonlifting.com\/de\/wp-json\/wp\/v2\/product_brand?post=3752"},{"taxonomy":"product_cat","embeddable":true,"href":"https:\/\/agonlifting.com\/de\/wp-json\/wp\/v2\/product_cat?post=3752"},{"taxonomy":"product_tag","embeddable":true,"href":"https:\/\/agonlifting.com\/de\/wp-json\/wp\/v2\/product_tag?post=3752"}],"curies":[{"name":"wp","href":"https:\/\/api.w.org\/{rel}","templated":true}]}}