{"id":5088,"date":"2023-10-03T10:31:54","date_gmt":"2023-10-03T08:31:54","guid":{"rendered":"https:\/\/agonlifting.com\/product\/innenspulentang-3-tonnen\/"},"modified":"2023-11-03T12:07:04","modified_gmt":"2023-11-03T11:07:04","slug":"inside-coil-tong-3-tons","status":"publish","type":"product","link":"https:\/\/agonlifting.com\/de\/produkt\/inside-coil-tong-3-tons\/","title":{"rendered":"Innenspulentang &#8211; 3 Tonnen"},"content":{"rendered":"<p>Sehen Sie unseren 6-Tonnen-Spulen-Greifer in Aktion.<\/p>\n<p>Derselbe Grundsatz, dieselbe Zuverl\u00e4ssigkeit und Rentabilit\u00e4t<\/p>\n<div class=\"ast-oembed-container \" style=\"height: 100%;\"><iframe title=\"AGON Inside coil gripper\" width=\"500\" height=\"281\" src=\"https:\/\/www.youtube.com\/embed\/eKq-MChzlrI?feature=oembed\" frameborder=\"0\" allow=\"accelerometer; autoplay; clipboard-write; encrypted-media; gyroscope; picture-in-picture; web-share\" referrerpolicy=\"strict-origin-when-cross-origin\" allowfullscreen><\/iframe><\/div>\n","protected":false},"excerpt":{"rendered":"<p>Wir haben unsere erfolgreiche Innenspulentang mit 6 Tonnen weiterentwickelt und eine 3-Tonnen-Version nach dem gleichen Prinzip konzipiert. Die Verwendung derselben Prinzipien gew\u00e4hrleistet eine robuste Konstruktion und Zuverl\u00e4ssigkeit f\u00fcr den Benutzer. Der Greifer ist mit Gummipuffern ausgestattet, die das Coil von innen greifen. Das einzigartige Design der Pads sorgt f\u00fcr eine hohe Griffsicherheit und sch\u00fctzt die Stahlb\u00e4nder vor Besch\u00e4digungen. Durch die Pads kann der Greifer beliebige Gegenst\u00e4nde im Coil greifen, was zu einem schnellen und effizienten Arbeitsablauf f\u00fcr den Kranf\u00fchrer und der anschlie\u00dfenden Verarbeitung f\u00fchrt.<\/p>\n<p>Wenn Ihre Spulen eine andere Gr\u00f6\u00dfe haben, k\u00f6nnen wir unser Werkzeug problemlos an Ihre Bed\u00fcrfnisse anpassen! Lassen Sie es uns einfach wissen&#8230; Kontaktieren Sie uns hier.<\/p>\n<p>Der Greifer wurde im Hinblick auf Zuverl\u00e4ssigkeit, Benutzerfreundlichkeit und lange Lebensdauer entwickelt. Ein Qualit\u00e4tsprodukt!<\/p>\n<p>Der Greifer ist vollst\u00e4ndig CE-gepr\u00fcft und gem\u00e4\u00df den geltenden EU-Normen konstruiert und getestet.<\/p>\n<p><img fetchpriority=\"high\" decoding=\"async\" class=\"alignnone size-medium wp-image-5021\" style=\"font-weight: inherit;\" src=\"https:\/\/agonlifting.com\/wp-content\/uploads\/\/Coilgripper3t_3-500x296.jpg\" alt=\"\" width=\"500\" height=\"296\" srcset=\"https:\/\/agonlifting.com\/wp-content\/uploads\/Coilgripper3t_3-500x296.jpg 500w, https:\/\/agonlifting.com\/wp-content\/uploads\/Coilgripper3t_3-600x355.jpg 600w, https:\/\/agonlifting.com\/wp-content\/uploads\/Coilgripper3t_3.jpg 686w\" sizes=\"(max-width: 500px) 100vw, 500px\" \/><\/p>\n<p><img decoding=\"async\" class=\"alignnone size-medium wp-image-5017\" src=\"https:\/\/agonlifting.com\/wp-content\/uploads\/\/Coilgripper3t_4-500x50.jpg\" alt=\"\" width=\"500\" height=\"50\" srcset=\"https:\/\/agonlifting.com\/wp-content\/uploads\/Coilgripper3t_4-500x50.jpg 500w, https:\/\/agonlifting.com\/wp-content\/uploads\/Coilgripper3t_4-1300x131.jpg 1300w, https:\/\/agonlifting.com\/wp-content\/uploads\/Coilgripper3t_4-768x77.jpg 768w, https:\/\/agonlifting.com\/wp-content\/uploads\/Coilgripper3t_4-1536x155.jpg 1536w, https:\/\/agonlifting.com\/wp-content\/uploads\/Coilgripper3t_4-2048x206.jpg 2048w, https:\/\/agonlifting.com\/wp-content\/uploads\/Coilgripper3t_4-600x60.jpg 600w\" sizes=\"(max-width: 500px) 100vw, 500px\" \/><\/p>\n<p>&nbsp;<\/p>\n","protected":false},"featured_media":5686,"template":"","meta":{"site-sidebar-layout":"default","site-content-layout":"default","ast-site-content-layout":"default","site-content-style":"default","site-sidebar-style":"default","ast-global-header-display":"","ast-banner-title-visibility":"","ast-main-header-display":"","ast-hfb-above-header-display":"","ast-hfb-below-header-display":"","ast-hfb-mobile-header-display":"","site-post-title":"","ast-breadcrumbs-content":"","ast-featured-img":"","footer-sml-layout":"","ast-disable-related-posts":"","theme-transparent-header-meta":"default","adv-header-id-meta":"","stick-header-meta":"","header-above-stick-meta":"","header-main-stick-meta":"","header-below-stick-meta":"","astra-migrate-meta-layouts":"default","ast-page-background-enabled":"default","ast-page-background-meta":{"desktop":{"background-color":"var(--ast-global-color-4)","background-image":"","background-repeat":"repeat","background-position":"center center","background-size":"auto","background-attachment":"scroll","background-type":"","background-media":"","overlay-type":"","overlay-color":"","overlay-opacity":"","overlay-gradient":""},"tablet":{"background-color":"","background-image":"","background-repeat":"repeat","background-position":"center center","background-size":"auto","background-attachment":"scroll","background-type":"","background-media":"","overlay-type":"","overlay-color":"","overlay-opacity":"","overlay-gradient":""},"mobile":{"background-color":"","background-image":"","background-repeat":"repeat","background-position":"center center","background-size":"auto","background-attachment":"scroll","background-type":"","background-media":"","overlay-type":"","overlay-color":"","overlay-opacity":"","overlay-gradient":""}},"ast-content-background-meta":{"desktop":{"background-color":"var(--ast-global-color-5)","background-image":"","background-repeat":"repeat","background-position":"center center","background-size":"auto","background-attachment":"scroll","background-type":"","background-media":"","overlay-type":"","overlay-color":"","overlay-opacity":"","overlay-gradient":""},"tablet":{"background-color":"var(--ast-global-color-5)","background-image":"","background-repeat":"repeat","background-position":"center center","background-size":"auto","background-attachment":"scroll","background-type":"","background-media":"","overlay-type":"","overlay-color":"","overlay-opacity":"","overlay-gradient":""},"mobile":{"background-color":"var(--ast-global-color-5)","background-image":"","background-repeat":"repeat","background-position":"center center","background-size":"auto","background-attachment":"scroll","background-type":"","background-media":"","overlay-type":"","overlay-color":"","overlay-opacity":"","overlay-gradient":""}}},"product_brand":[],"product_cat":[131],"product_tag":[204,205,237],"class_list":{"0":"post-5088","1":"product","2":"type-product","3":"status-publish","4":"has-post-thumbnail","6":"product_cat-ausruestung","7":"product_tag-coilgripper-de","8":"product_tag-coillifting-de","9":"product_tag-coiltong-de","10":"desktop-align-left","11":"tablet-align-left","12":"mobile-align-left","14":"first","15":"instock","16":"shipping-taxable","17":"product-type-simple"},"_links":{"self":[{"href":"https:\/\/agonlifting.com\/de\/wp-json\/wp\/v2\/product\/5088","targetHints":{"allow":["GET"]}}],"collection":[{"href":"https:\/\/agonlifting.com\/de\/wp-json\/wp\/v2\/product"}],"about":[{"href":"https:\/\/agonlifting.com\/de\/wp-json\/wp\/v2\/types\/product"}],"wp:featuredmedia":[{"embeddable":true,"href":"https:\/\/agonlifting.com\/de\/wp-json\/wp\/v2\/media\/5686"}],"wp:attachment":[{"href":"https:\/\/agonlifting.com\/de\/wp-json\/wp\/v2\/media?parent=5088"}],"wp:term":[{"taxonomy":"product_brand","embeddable":true,"href":"https:\/\/agonlifting.com\/de\/wp-json\/wp\/v2\/product_brand?post=5088"},{"taxonomy":"product_cat","embeddable":true,"href":"https:\/\/agonlifting.com\/de\/wp-json\/wp\/v2\/product_cat?post=5088"},{"taxonomy":"product_tag","embeddable":true,"href":"https:\/\/agonlifting.com\/de\/wp-json\/wp\/v2\/product_tag?post=5088"}],"curies":[{"name":"wp","href":"https:\/\/api.w.org\/{rel}","templated":true}]}}